{"id":430,"date":"2023-05-28T16:49:59","date_gmt":"2023-05-28T14:49:59","guid":{"rendered":"https:\/\/www.hotelferteletoile.com\/new\/situation-hotel-fertel-etoile-paris\/"},"modified":"2026-04-03T23:18:07","modified_gmt":"2026-04-03T21:18:07","slug":"location-hotel-fertel-etoile-paris","status":"publish","type":"page","link":"https:\/\/www.hotelferteletoile.com\/en\/location-hotel-fertel-etoile-paris\/","title":{"rendered":"Situation"},"content":{"rendered":"\n\t<section class=\"section\" id=\"section_1137077628\">\n\t\t<div class=\"bg section-bg fill bg-fill  bg-loaded\" >\n\n\t\t\t\n\t\t\t\n\t\t\t\n\n\t\t<\/div>\n\n\t\t\n\n\t\t<div class=\"section-content relative\">\n\t\t\t\n\n\n\n<iframe class=\"google-map\" src=\"https:\/\/www.google.com\/maps\/embed?pb=!1m18!1m12!1m3!1d2624.0628710541396!2d2.289931!3d48.876078!2m3!1f0!2f0!3f0!3m2!1i1024!2i768!4f13.1!3m3!1m2!1s0x47e66ff29fe17535%3A0xe7e677e13809cb41!2sH%C3%B4tel+Fertel+Etoile!5e0!3m2!1sfr!2sfr!4v1429782503074\" width=\"100%\" height=\"460\" frameborder=\"0\" style=\"border:0\"><\/iframe>\n\n\n\t\t<\/div>\n\n\t\t\n<style>\n#section_1137077628 {\n  padding-top: 0px;\n  padding-bottom: 0px;\n}\n#section_1137077628 .ux-shape-divider--top svg {\n  height: 150px;\n  --divider-top-width: 100%;\n}\n#section_1137077628 .ux-shape-divider--bottom svg {\n  height: 150px;\n  --divider-width: 100%;\n}\n<\/style>\n\t<\/section>\n\t\n<div class=\"row\"  id=\"row-1373462683\">\n\n\n\t<div id=\"col-2046680379\" class=\"col small-12 large-12\"  data-animate=\"fadeInUp\">\n\t\t\t\t<div class=\"col-inner\"  >\n\t\t\t\n\t\t\t\n\n<h1 style=\"text-align: center;\">LOCATION OF THE HOTEL FERTEL ETOILE<\/h1>\n<p style=\"text-align: center;\">A few minutes from the Champs Elys\u00e9es and the Arc de Triomphe, a lovely hotel offering charm and sophistication!<\/p>\n\n\t\t<\/div>\n\t\t\t\t\t<\/div>\n\n\t\n\n\t<div id=\"col-182747304\" class=\"col medium-6 small-12 large-6\"  data-animate=\"fadeInLeft\">\n\t\t\t\t<div class=\"col-inner\"  >\n\t\t\t\n\t\t\t\n\n<h2>PUBLIC TRANSPORT<\/h2>\n<ul>\n<li><strong>Metro\/underground:<\/strong>\u00a0Argentine (line 1)<\/li>\n<li><strong>RER (nearby):<\/strong><br \/>&#8211; Charles De Gaulle-Etoile (line A)<br \/>&#8211; Neuilly-Porte Maillot (lines C et E)<\/li>\n<li><strong>Bus:<\/strong>\u00a0Argentine (line 73)<\/li>\n<li><strong>Parking:<\/strong>\u00a0<a href=\"https:\/\/www.q-park.fr\/fr-fr\/villes\/paris\/hotel-fertel-etoile\/\" target=\"_blank\" rel=\"noopener\"><strong>Q-Park Le M\u00e9ridien Porte Maillot<\/strong>: click here to book<\/a><\/li>\n<li>Tram: Porte Maillot \u2013 Palais des Congr\u00e8s (Line T3B)<\/li>\n<li>\nAerobus: Beauvais Airport \u2013 Porte Maillot (Line A01)<\/li>\n<\/ul>\n\n\n\t\t<\/div>\n\t\t\t\t\t<\/div>\n\n\t\n\n\t<div id=\"col-1104024008\" class=\"col medium-6 small-12 large-6\"  data-animate=\"fadeInRight\">\n\t\t\t\t<div class=\"col-inner\"  >\n\t\t\t\n\t\t\t\n\n\t<div class=\"img has-hover x md-x lg-x y md-y lg-y\" id=\"image_252812425\">\n\t\t\t\t\t\t\t\t<div class=\"img-inner box-shadow-3 dark\" >\n\t\t\t<img decoding=\"async\" width=\"1020\" height=\"467\" src=\"https:\/\/www.hotelferteletoile.com\/wp-content\/uploads\/2023\/05\/hotel-fertel-etoile-paris-1-1-1024x469.jpg\" class=\"attachment-large size-large\" alt=\"H\u00f4tel Fertel Etoile Paris\" srcset=\"https:\/\/www.hotelferteletoile.com\/wp-content\/uploads\/2023\/05\/hotel-fertel-etoile-paris-1-1-1024x469.jpg 1024w, https:\/\/www.hotelferteletoile.com\/wp-content\/uploads\/2023\/05\/hotel-fertel-etoile-paris-1-1-300x137.jpg 300w, https:\/\/www.hotelferteletoile.com\/wp-content\/uploads\/2023\/05\/hotel-fertel-etoile-paris-1-1-768x352.jpg 768w, https:\/\/www.hotelferteletoile.com\/wp-content\/uploads\/2023\/05\/hotel-fertel-etoile-paris-1-1-1536x704.jpg 1536w, https:\/\/www.hotelferteletoile.com\/wp-content\/uploads\/2023\/05\/hotel-fertel-etoile-paris-1-1.jpg 2036w\" sizes=\"(max-width: 1020px) 100vw, 1020px\" \/>\t\t\t\t\t\t\n\t\t\t\t\t<\/div>\n\t\t\t\t\t\t\t\t\n<style>\n#image_252812425 {\n  width: 100%;\n}\n<\/style>\n\t<\/div>\n\t\n\n\n\t\t<\/div>\n\t\t\t\t\t<\/div>\n\n\t\n\n\t<div id=\"col-1313159710\" class=\"col small-12 large-12\"  data-animate=\"fadeInUp\">\n\t\t\t\t<div class=\"col-inner\"  >\n\t\t\t\n\t\t\t\n\n<h2>HOW TO GET TO THE HOTEL FROM THE AIRPORTS AND RAILWAY (RAILROAD) STATIONS<\/h2>\n<ul>\n<li><strong>From the Roissy-Charles de Gaulle airport:<\/strong><br \/>&#8211; RER B to Ch\u00e2telet then change to metro line 1 direction La D\u00e9fense, alight at Argentine.<\/li>\n<li><strong>From Orly Airport:<\/strong><br \/>&#8211; Orlyval to Antony then RER B to Ch\u00e2telet then change to metro line 1 direction La D\u00e9fense, alight at Argentine.<\/li>\n<li><strong>From the Gare du Nord\/Gare de l&#8217;Est:<\/strong>\u00a0Metro line 4 in the direction of Porte d&#8217;Orl\u00e9ans to Ch\u00e2telet then line 1 in the direction of La D\u00e9fense, alight at Argentine.<\/li>\n<li><strong>From the Gare d&#8217;Austerlitz:<\/strong>\u00a0Metro line 5 in the direction of Bobigny to Bastille then line 1 in the direction of La D\u00e9fense, alight at Argentine.<\/li>\n<li><strong>From the Gare Montparnasse:<\/strong>\u00a0Metro line 13 in the direction ofAsni\u00e8res-Saint-Denis to Champs Elys\u00e9es-Cl\u00e9menceau then line 1 in the direction of La D\u00e9fense, alight at Argentine.<\/li>\n<li><strong>From the Gare de Lyon:<\/strong>\u00a0Metro line 1 in the direction of La D\u00e9fense, alight at Argentine.<\/li>\n<li><strong>From the Gare St Lazare:<\/strong>\u00a0Metro line 13 in the direction of Ch\u00e2tillon to Champs Elys\u00e9es-Cl\u00e9menceau then line 1 in the direction of La D\u00e9fense, alight at Argentine.<\/li>\n<\/ul>\n\t<div class=\"img has-hover x md-x lg-x y md-y lg-y\" id=\"image_1957590443\">\n\t\t\t\t\t\t\t\t<div class=\"img-inner image-cover box-shadow-3 dark\" style=\"padding-top:50%;\">\n\t\t\t<img decoding=\"async\" width=\"2048\" height=\"1365\" src=\"https:\/\/www.hotelferteletoile.com\/wp-content\/uploads\/2023\/05\/hotel-fertel-etoile-paris-16.jpg\" class=\"attachment-original size-original\" alt=\"H\u00f4tel Fertel Etoile Paris\" srcset=\"https:\/\/www.hotelferteletoile.com\/wp-content\/uploads\/2023\/05\/hotel-fertel-etoile-paris-16.jpg 2048w, https:\/\/www.hotelferteletoile.com\/wp-content\/uploads\/2023\/05\/hotel-fertel-etoile-paris-16-300x200.jpg 300w, https:\/\/www.hotelferteletoile.com\/wp-content\/uploads\/2023\/05\/hotel-fertel-etoile-paris-16-1024x683.jpg 1024w, https:\/\/www.hotelferteletoile.com\/wp-content\/uploads\/2023\/05\/hotel-fertel-etoile-paris-16-768x512.jpg 768w, https:\/\/www.hotelferteletoile.com\/wp-content\/uploads\/2023\/05\/hotel-fertel-etoile-paris-16-1536x1024.jpg 1536w\" sizes=\"(max-width: 2048px) 100vw, 2048px\" \/>\t\t\t\t\t\t\n\t\t\t\t\t<\/div>\n\t\t\t\t\t\t\t\t\n<style>\n#image_1957590443 {\n  width: 100%;\n}\n<\/style>\n\t<\/div>\n\t\n\n<h2 style=\"text-align: center;\">OUR DISTRICT<\/h2>\n<p>For lunch or dinner, our very lively district abounds with great places to go: gourmet restaurants, wine bars and traditional bistros at very affordable prices.<\/p>\n<h3>ON FOOT<\/h3>\n<ul>\n<li><strong>Arc de Triomphe\/Champs Elysees:\u00a0<\/strong>4 mn<\/li>\n<li><strong>Champs Elys\u00e9es, Palais des Congr\u00e8s:5<\/strong>\u00a0mn<\/li>\n<li><strong>March\u00e9 Poncelet, Avenue des Ternes :\u00a0<\/strong>8 mn<\/li>\n<li><strong>Bois de Boulogne :\u00a0<\/strong>10 mn<\/li>\n<li><strong>Eiffel Tower :\u00a0<\/strong>20 mn<\/li>\n<\/ul>\n<p>\u00a0<\/p>\n<h3>BY METRO\/RER\/BUS<\/h3>\n<ul>\n<li><strong>La D\u00e9fense, Concorde :\u00a0<\/strong>5 mn<\/li>\n<li><strong>The Louvre, the Madeleine, the Mus\u00e9e d&#8217;Orsay, the Avenue Montaigne and its luxury boutiques :\u00a0<\/strong>10 mn<\/li>\n<li><strong>The \u201cgrands boulevards\u201d and department stores (Galeries Lafayette, Printemps), Notre Dame de Paris :\u00a0<\/strong>15 mn<\/li>\n<li><strong>Montmartre and the Sacr\u00e9 Coeur :\u00a0<\/strong>20 mn<\/li>\n<\/ul>\n\n\t\t<\/div>\n\t\t\t\t\t<\/div>\n\n\t\n\n<\/div>\n\n","protected":false},"excerpt":{"rendered":"","protected":false},"author":1,"featured_media":0,"parent":0,"menu_order":0,"comment_status":"closed","ping_status":"closed","template":"page-blank.php","meta":{"footnotes":""},"class_list":["post-430","page","type-page","status-publish","hentry"],"yoast_head":"<!-- This site is optimized with the Yoast SEO plugin v27.3 - https:\/\/yoast.com\/product\/yoast-seo-wordpress\/ -->\n<title>Location of the Hotel Fertel Etoile Paris - Near Arc de Triomphe<\/title>\n<meta name=\"description\" content=\"The Fertel Etoile Paris hotel is located a few minutes from the Champs Elys\u00e9es and the Arc de Triomphe, a beautiful, charming and refined hotel!\" \/>\n<meta name=\"robots\" content=\"index, follow, max-snippet:-1, max-image-preview:large, max-video-preview:-1\" \/>\n<link rel=\"canonical\" href=\"https:\/\/www.hotelferteletoile.com\/en\/location-hotel-fertel-etoile-paris\/\" \/>\n<meta property=\"og:locale\" content=\"en_US\" \/>\n<meta property=\"og:type\" content=\"article\" \/>\n<meta property=\"og:title\" content=\"Location of the Hotel Fertel Etoile Paris - Near Arc de Triomphe\" \/>\n<meta property=\"og:description\" content=\"The Fertel Etoile Paris hotel is located a few minutes from the Champs Elys\u00e9es and the Arc de Triomphe, a beautiful, charming and refined hotel!\" \/>\n<meta property=\"og:url\" content=\"https:\/\/www.hotelferteletoile.com\/en\/location-hotel-fertel-etoile-paris\/\" \/>\n<meta property=\"og:site_name\" content=\"H\u00f4tel Fertel Etoile Paris\" \/>\n<meta property=\"article:modified_time\" content=\"2026-04-03T21:18:07+00:00\" \/>\n<meta name=\"twitter:card\" content=\"summary_large_image\" \/>\n<meta name=\"twitter:label1\" content=\"Est. reading time\" \/>\n\t<meta name=\"twitter:data1\" content=\"3 minutes\" \/>\n<script type=\"application\/ld+json\" class=\"yoast-schema-graph\">{\"@context\":\"https:\\\/\\\/schema.org\",\"@graph\":[{\"@type\":\"WebPage\",\"@id\":\"https:\\\/\\\/www.hotelferteletoile.com\\\/en\\\/location-hotel-fertel-etoile-paris\\\/\",\"url\":\"https:\\\/\\\/www.hotelferteletoile.com\\\/en\\\/location-hotel-fertel-etoile-paris\\\/\",\"name\":\"Location of the Hotel Fertel Etoile Paris - Near Arc de Triomphe\",\"isPartOf\":{\"@id\":\"https:\\\/\\\/www.hotelferteletoile.com\\\/#website\"},\"datePublished\":\"2023-05-28T14:49:59+00:00\",\"dateModified\":\"2026-04-03T21:18:07+00:00\",\"description\":\"The Fertel Etoile Paris hotel is located a few minutes from the Champs Elys\u00e9es and the Arc de Triomphe, a beautiful, charming and refined hotel!\",\"breadcrumb\":{\"@id\":\"https:\\\/\\\/www.hotelferteletoile.com\\\/en\\\/location-hotel-fertel-etoile-paris\\\/#breadcrumb\"},\"inLanguage\":\"en-US\",\"potentialAction\":[{\"@type\":\"ReadAction\",\"target\":[\"https:\\\/\\\/www.hotelferteletoile.com\\\/en\\\/location-hotel-fertel-etoile-paris\\\/\"]}]},{\"@type\":\"BreadcrumbList\",\"@id\":\"https:\\\/\\\/www.hotelferteletoile.com\\\/en\\\/location-hotel-fertel-etoile-paris\\\/#breadcrumb\",\"itemListElement\":[{\"@type\":\"ListItem\",\"position\":1,\"name\":\"Accueil\",\"item\":\"https:\\\/\\\/www.hotelferteletoile.com\\\/en\\\/\"},{\"@type\":\"ListItem\",\"position\":2,\"name\":\"Situation\"}]},{\"@type\":\"WebSite\",\"@id\":\"https:\\\/\\\/www.hotelferteletoile.com\\\/#website\",\"url\":\"https:\\\/\\\/www.hotelferteletoile.com\\\/\",\"name\":\"H\u00f4tel Fertel Etoile Paris\",\"description\":\"\",\"potentialAction\":[{\"@type\":\"SearchAction\",\"target\":{\"@type\":\"EntryPoint\",\"urlTemplate\":\"https:\\\/\\\/www.hotelferteletoile.com\\\/?s={search_term_string}\"},\"query-input\":{\"@type\":\"PropertyValueSpecification\",\"valueRequired\":true,\"valueName\":\"search_term_string\"}}],\"inLanguage\":\"en-US\"}]}<\/script>\n<!-- \/ Yoast SEO plugin. -->","yoast_head_json":{"title":"Location of the Hotel Fertel Etoile Paris - Near Arc de Triomphe","description":"The Fertel Etoile Paris hotel is located a few minutes from the Champs Elys\u00e9es and the Arc de Triomphe, a beautiful, charming and refined hotel!","robots":{"index":"index","follow":"follow","max-snippet":"max-snippet:-1","max-image-preview":"max-image-preview:large","max-video-preview":"max-video-preview:-1"},"canonical":"https:\/\/www.hotelferteletoile.com\/en\/location-hotel-fertel-etoile-paris\/","og_locale":"en_US","og_type":"article","og_title":"Location of the Hotel Fertel Etoile Paris - Near Arc de Triomphe","og_description":"The Fertel Etoile Paris hotel is located a few minutes from the Champs Elys\u00e9es and the Arc de Triomphe, a beautiful, charming and refined hotel!","og_url":"https:\/\/www.hotelferteletoile.com\/en\/location-hotel-fertel-etoile-paris\/","og_site_name":"H\u00f4tel Fertel Etoile Paris","article_modified_time":"2026-04-03T21:18:07+00:00","twitter_card":"summary_large_image","twitter_misc":{"Est. reading time":"3 minutes"},"schema":{"@context":"https:\/\/schema.org","@graph":[{"@type":"WebPage","@id":"https:\/\/www.hotelferteletoile.com\/en\/location-hotel-fertel-etoile-paris\/","url":"https:\/\/www.hotelferteletoile.com\/en\/location-hotel-fertel-etoile-paris\/","name":"Location of the Hotel Fertel Etoile Paris - Near Arc de Triomphe","isPartOf":{"@id":"https:\/\/www.hotelferteletoile.com\/#website"},"datePublished":"2023-05-28T14:49:59+00:00","dateModified":"2026-04-03T21:18:07+00:00","description":"The Fertel Etoile Paris hotel is located a few minutes from the Champs Elys\u00e9es and the Arc de Triomphe, a beautiful, charming and refined hotel!","breadcrumb":{"@id":"https:\/\/www.hotelferteletoile.com\/en\/location-hotel-fertel-etoile-paris\/#breadcrumb"},"inLanguage":"en-US","potentialAction":[{"@type":"ReadAction","target":["https:\/\/www.hotelferteletoile.com\/en\/location-hotel-fertel-etoile-paris\/"]}]},{"@type":"BreadcrumbList","@id":"https:\/\/www.hotelferteletoile.com\/en\/location-hotel-fertel-etoile-paris\/#breadcrumb","itemListElement":[{"@type":"ListItem","position":1,"name":"Accueil","item":"https:\/\/www.hotelferteletoile.com\/en\/"},{"@type":"ListItem","position":2,"name":"Situation"}]},{"@type":"WebSite","@id":"https:\/\/www.hotelferteletoile.com\/#website","url":"https:\/\/www.hotelferteletoile.com\/","name":"H\u00f4tel Fertel Etoile Paris","description":"","potentialAction":[{"@type":"SearchAction","target":{"@type":"EntryPoint","urlTemplate":"https:\/\/www.hotelferteletoile.com\/?s={search_term_string}"},"query-input":{"@type":"PropertyValueSpecification","valueRequired":true,"valueName":"search_term_string"}}],"inLanguage":"en-US"}]}},"_links":{"self":[{"href":"https:\/\/www.hotelferteletoile.com\/en\/wp-json\/wp\/v2\/pages\/430","targetHints":{"allow":["GET"]}}],"collection":[{"href":"https:\/\/www.hotelferteletoile.com\/en\/wp-json\/wp\/v2\/pages"}],"about":[{"href":"https:\/\/www.hotelferteletoile.com\/en\/wp-json\/wp\/v2\/types\/page"}],"author":[{"embeddable":true,"href":"https:\/\/www.hotelferteletoile.com\/en\/wp-json\/wp\/v2\/users\/1"}],"replies":[{"embeddable":true,"href":"https:\/\/www.hotelferteletoile.com\/en\/wp-json\/wp\/v2\/comments?post=430"}],"version-history":[{"count":7,"href":"https:\/\/www.hotelferteletoile.com\/en\/wp-json\/wp\/v2\/pages\/430\/revisions"}],"predecessor-version":[{"id":573,"href":"https:\/\/www.hotelferteletoile.com\/en\/wp-json\/wp\/v2\/pages\/430\/revisions\/573"}],"wp:attachment":[{"href":"https:\/\/www.hotelferteletoile.com\/en\/wp-json\/wp\/v2\/media?parent=430"}],"curies":[{"name":"wp","href":"https:\/\/api.w.org\/{rel}","templated":true}]}}