{"id":421,"date":"2023-05-28T11:16:40","date_gmt":"2023-05-28T09:16:40","guid":{"rendered":"https:\/\/www.hotelferteletoile.com\/new\/chambre-simple-hotel-fertel-etoile-paris\/"},"modified":"2024-03-13T12:34:43","modified_gmt":"2024-03-13T11:34:43","slug":"quartos-individuais-hotel-fertel-etoile-paris","status":"publish","type":"page","link":"https:\/\/www.hotelferteletoile.com\/pt-br\/quartos-individuais-hotel-fertel-etoile-paris\/","title":{"rendered":"Chambre simple"},"content":{"rendered":"\n\t<section class=\"section\" id=\"section_1878738131\">\n\t\t<div class=\"bg section-bg fill bg-fill  bg-loaded\" >\n\n\t\t\t\n\t\t\t\n\t\t\t\n\n\t\t<\/div>\n\n\t\t\n\n\t\t<div class=\"section-content relative\">\n\t\t\t\n\n<div class=\"slider-wrapper relative\" id=\"slider-478305093\" >\n    <div class=\"slider slider-nav-circle slider-nav-large slider-nav-light slider-style-normal\"\n        data-flickity-options='{\n            \"cellAlign\": \"center\",\n            \"imagesLoaded\": true,\n            \"lazyLoad\": 1,\n            \"freeScroll\": false,\n            \"wrapAround\": true,\n            \"autoPlay\": 6000,\n            \"pauseAutoPlayOnHover\" : true,\n            \"prevNextButtons\": true,\n            \"contain\" : true,\n            \"adaptiveHeight\" : true,\n            \"dragThreshold\" : 10,\n            \"percentPosition\": true,\n            \"pageDots\": true,\n            \"rightToLeft\": false,\n            \"draggable\": true,\n            \"selectedAttraction\": 0.1,\n            \"parallax\" : 0,\n            \"friction\": 0.6        }'\n        >\n        \n\n\n  <div class=\"banner has-hover\" id=\"banner-2094680723\">\n          <div class=\"banner-inner fill\">\n        <div class=\"banner-bg fill\" >\n            <div class=\"bg fill bg-fill \"><\/div>\n                                    \n                    <\/div>\n\t\t\n        <div class=\"banner-layers container\">\n            <div class=\"fill banner-link\"><\/div>            \n\n   <div id=\"text-box-1766029020\" class=\"text-box banner-layer x50 md-x50 lg-x50 y50 md-y50 lg-y50 res-text\">\n                                <div class=\"text-box-content text dark\">\n              \n              <div class=\"text-inner text-center\">\n                  \n\n<h3 class=\"uppercase\"><strong><\/strong><\/h3>\n<p>&nbsp;<\/p>\n\n              <\/div>\n           <\/div>\n                            \n<style>\n#text-box-1766029020 {\n  width: 60%;\n}\n#text-box-1766029020 .text-box-content {\n  font-size: 100%;\n}\n<\/style>\n    <\/div>\n \n\n        <\/div>\n      <\/div>\n\n            \n<style>\n#banner-2094680723 {\n  padding-top: 56.25%;\n}\n#banner-2094680723 .bg.bg-loaded {\n  background-image: url(https:\/\/www.hotelferteletoile.com\/wp-content\/uploads\/2023\/05\/hotel-fertel-etoile-paris-23.jpg);\n}\n#banner-2094680723 .ux-shape-divider--top svg {\n  height: 150px;\n  --divider-top-width: 100%;\n}\n#banner-2094680723 .ux-shape-divider--bottom svg {\n  height: 150px;\n  --divider-width: 100%;\n}\n<\/style>\n  <\/div>\n\n\n\n  <div class=\"banner has-hover\" id=\"banner-707675506\">\n          <div class=\"banner-inner fill\">\n        <div class=\"banner-bg fill\" >\n            <div class=\"bg fill bg-fill \"><\/div>\n                                    \n                    <\/div>\n\t\t\n        <div class=\"banner-layers container\">\n            <div class=\"fill banner-link\"><\/div>            \n\n   <div id=\"text-box-1751290583\" class=\"text-box banner-layer x50 md-x50 lg-x50 y50 md-y50 lg-y50 res-text\">\n                                <div class=\"text-box-content text dark\">\n              \n              <div class=\"text-inner text-center\">\n                  \n\n<h3 class=\"uppercase\"><strong><\/strong><\/h3>\n<p>&nbsp;<\/p>\n\n              <\/div>\n           <\/div>\n                            \n<style>\n#text-box-1751290583 {\n  width: 60%;\n}\n#text-box-1751290583 .text-box-content {\n  font-size: 100%;\n}\n<\/style>\n    <\/div>\n \n\n        <\/div>\n      <\/div>\n\n            \n<style>\n#banner-707675506 {\n  padding-top: 56.25%;\n}\n#banner-707675506 .bg.bg-loaded {\n  background-image: url(https:\/\/www.hotelferteletoile.com\/wp-content\/uploads\/2023\/05\/hotel-fertel-etoile-paris-31.jpg);\n}\n#banner-707675506 .ux-shape-divider--top svg {\n  height: 150px;\n  --divider-top-width: 100%;\n}\n#banner-707675506 .ux-shape-divider--bottom svg {\n  height: 150px;\n  --divider-width: 100%;\n}\n<\/style>\n  <\/div>\n\n\n\n     <\/div>\n\n     <div class=\"loading-spin dark large centered\"><\/div>\n\n     \t<\/div>\n\n\n\n\t\t<\/div>\n\n\t\t\n<style>\n#section_1878738131 {\n  padding-top: 0px;\n  padding-bottom: 0px;\n}\n#section_1878738131 .ux-shape-divider--top svg {\n  height: 150px;\n  --divider-top-width: 100%;\n}\n#section_1878738131 .ux-shape-divider--bottom svg {\n  height: 150px;\n  --divider-width: 100%;\n}\n<\/style>\n\t<\/section>\n\t\n<div class=\"row\"  id=\"row-663984472\">\n\n\n\t<div id=\"col-816809128\" class=\"col small-12 large-12\"  data-animate=\"fadeInUp\">\n\t\t\t\t<div class=\"col-inner text-center\"  >\n\t\t\t\n\t\t\t\n\n<h1 style=\"text-align: center;\">Quarto Individual <\/h1>\n<h2 style=\"text-align: center; font-weight:lighter;\">1 pessoa<\/h2>\n<p style=\"text-align: center;\">Charmosos e modernos, os 51 quartos do hotel oferecem espa\u00e7o agrad\u00e1vel, tranquilo e confort\u00e1vel, seja para viagens a neg\u00f3cios ou escapadas tur\u00edsticas.<br \/>\nEst\u00e3o todos equipados com ar condicionado, televisores de ecr\u00e3 plano com canais por sat\u00e9lite, casa de banho com banheira e secador de cabelo.<br \/>\nOs cofres est\u00e3o dispon\u00edveis gratuitamente. Acesso Wi-Fi gratuito.<\/p>\n<a rel=\"noopener noreferrer\" href=\"https:\/\/www.secure-hotel-booking.com\/hotelFertel-Etoile\/232U\/?language=PT\" target=\"_blank\" class=\"button primary is-link\"  >\n    <span>Reservar um quarto<\/span>\n  <\/a>\n\n\n\n\t\t<\/div>\n\t\t\t\t\t<\/div>\n\n\t\n\n<\/div>\n\t<section class=\"section\" id=\"section_270805660\">\n\t\t<div class=\"bg section-bg fill bg-fill  \" >\n\n\t\t\t\n\t\t\t<div class=\"section-bg-overlay absolute fill\"><\/div>\n\t\t\t\n\n\t\t<\/div>\n\n\t\t\n\n\t\t<div class=\"section-content relative\">\n\t\t\t\n\n<div class=\"row row-collapse row-full-width align-middle\"  id=\"row-997961728\">\n\n\n\t<div id=\"col-1585738305\" class=\"col medium-6 small-12 large-6\"  data-animate=\"fadeInLeft\">\n\t\t\t\t<div class=\"col-inner text-center\"  >\n\t\t\t\n\t\t\t\n\n<h2>Caf\u00e9 da manh\u00e3<\/h2>\n<p>Desfrute o seu caf\u00e9 da manh\u00e3, das 7h \u00e0s 10h, em uma sala com vista para um pequeno jardim arborizado e florido ou no sal\u00e3o de refei\u00e7\u00f5es.<\/p>\n<a href=\"https:\/\/www.hotelferteletoile.com\/pt-br\/cafe-da-manha-hotel-fertel-etoile-paris\/\" target=\"_self\" class=\"button primary is-underline box-shadow-2 lowercase\"  >\n    <span>Saber mais<\/span>\n  <\/a>\n\n\n\n\t\t<\/div>\n\t\t\t\t\n<style>\n#col-1585738305 > .col-inner {\n  padding: 10% 10% 10% 10%;\n  max-width: 520px;\n}\n<\/style>\n\t<\/div>\n\n\t\n\n\t<div id=\"col-415541172\" class=\"col medium-6 small-12 large-6 small-col-first\"  data-animate=\"fadeInRight\">\n\t\t\t\t<div class=\"col-inner\"  >\n\t\t\t\n\t\t\t\n\n\t<div class=\"img has-hover x md-x lg-x y md-y lg-y\" id=\"image_1412710249\">\n\t\t\t\t\t\t\t\t<div class=\"img-inner image-cover dark\" style=\"padding-top:56.25%;\">\n\t\t\t<img decoding=\"async\" width=\"1020\" height=\"680\" src=\"https:\/\/www.hotelferteletoile.com\/wp-content\/uploads\/2023\/05\/hotel-fertel-etoile-paris-25-1024x683.jpg\" class=\"attachment-large size-large\" alt=\"H\u00f4tel Fertel Etoile Paris\" srcset=\"https:\/\/www.hotelferteletoile.com\/wp-content\/uploads\/2023\/05\/hotel-fertel-etoile-paris-25-1024x683.jpg 1024w, https:\/\/www.hotelferteletoile.com\/wp-content\/uploads\/2023\/05\/hotel-fertel-etoile-paris-25-300x200.jpg 300w, https:\/\/www.hotelferteletoile.com\/wp-content\/uploads\/2023\/05\/hotel-fertel-etoile-paris-25-768x512.jpg 768w, https:\/\/www.hotelferteletoile.com\/wp-content\/uploads\/2023\/05\/hotel-fertel-etoile-paris-25-1536x1024.jpg 1536w, https:\/\/www.hotelferteletoile.com\/wp-content\/uploads\/2023\/05\/hotel-fertel-etoile-paris-25.jpg 2048w\" sizes=\"(max-width: 1020px) 100vw, 1020px\" \/>\t\t\t\t\t\t\n\t\t\t\t\t<\/div>\n\t\t\t\t\t\t\t\t\n<style>\n#image_1412710249 {\n  width: 100%;\n}\n<\/style>\n\t<\/div>\n\t\n\n\n\t\t<\/div>\n\t\t\t\t\t<\/div>\n\n\t\n\n<\/div>\n\n\t\t<\/div>\n\n\t\t\n<style>\n#section_270805660 {\n  padding-top: 0px;\n  padding-bottom: 0px;\n  background-color: rgb(247, 247, 247);\n}\n#section_270805660 .section-bg-overlay {\n  background-color: rgba(255, 255, 255, 0.85);\n}\n#section_270805660 .section-bg.bg-loaded {\n  background-image: url(https:\/\/www.hotelferteletoile.com\/wp-content\/uploads\/2023\/05\/hotel-fertel-etoile-paris-25.jpg);\n}\n#section_270805660 .ux-shape-divider--top svg {\n  height: 150px;\n  --divider-top-width: 100%;\n}\n#section_270805660 .ux-shape-divider--bottom svg {\n  height: 150px;\n  --divider-width: 100%;\n}\n<\/style>\n\t<\/section>\n\t\n\n","protected":false},"excerpt":{"rendered":"","protected":false},"author":1,"featured_media":0,"parent":0,"menu_order":0,"comment_status":"closed","ping_status":"closed","template":"page-transparent-header.php","meta":{"footnotes":""},"class_list":["post-421","page","type-page","status-publish","hentry"],"yoast_head":"<!-- This site is optimized with the Yoast SEO plugin v27.3 - https:\/\/yoast.com\/product\/yoast-seo-wordpress\/ -->\n<title>Quartos individuais no Hotel Fertel Etoile Paris \u2013 Arco do Triunfo<\/title>\n<meta name=\"description\" content=\"Charmosos e modernos, os 51 quartos do hotel oferecem espa\u00e7o agrad\u00e1vel, tranquilo e confort\u00e1vel, seja para viagens a neg\u00f3cios ou escapadas tur\u00edsticas.\" \/>\n<meta name=\"robots\" content=\"index, follow, max-snippet:-1, max-image-preview:large, max-video-preview:-1\" \/>\n<link rel=\"canonical\" href=\"https:\/\/www.hotelferteletoile.com\/pt-br\/quartos-individuais-hotel-fertel-etoile-paris\/\" \/>\n<meta property=\"og:locale\" content=\"pt_BR\" \/>\n<meta property=\"og:type\" content=\"article\" \/>\n<meta property=\"og:title\" content=\"Quartos individuais no Hotel Fertel Etoile Paris \u2013 Arco do Triunfo\" \/>\n<meta property=\"og:description\" content=\"Charmosos e modernos, os 51 quartos do hotel oferecem espa\u00e7o agrad\u00e1vel, tranquilo e confort\u00e1vel, seja para viagens a neg\u00f3cios ou escapadas tur\u00edsticas.\" \/>\n<meta property=\"og:url\" content=\"https:\/\/www.hotelferteletoile.com\/pt-br\/quartos-individuais-hotel-fertel-etoile-paris\/\" \/>\n<meta property=\"og:site_name\" content=\"H\u00f4tel Fertel Etoile Paris\" \/>\n<meta property=\"article:modified_time\" content=\"2024-03-13T11:34:43+00:00\" \/>\n<meta name=\"twitter:card\" content=\"summary_large_image\" \/>\n<meta name=\"twitter:label1\" content=\"Est. tempo de leitura\" \/>\n\t<meta name=\"twitter:data1\" content=\"1 minuto\" \/>\n<script type=\"application\/ld+json\" class=\"yoast-schema-graph\">{\"@context\":\"https:\\\/\\\/schema.org\",\"@graph\":[{\"@type\":\"WebPage\",\"@id\":\"https:\\\/\\\/www.hotelferteletoile.com\\\/pt-br\\\/quartos-individuais-hotel-fertel-etoile-paris\\\/\",\"url\":\"https:\\\/\\\/www.hotelferteletoile.com\\\/pt-br\\\/quartos-individuais-hotel-fertel-etoile-paris\\\/\",\"name\":\"Quartos individuais no Hotel Fertel Etoile Paris \u2013 Arco do Triunfo\",\"isPartOf\":{\"@id\":\"https:\\\/\\\/www.hotelferteletoile.com\\\/#website\"},\"datePublished\":\"2023-05-28T09:16:40+00:00\",\"dateModified\":\"2024-03-13T11:34:43+00:00\",\"description\":\"Charmosos e modernos, os 51 quartos do hotel oferecem espa\u00e7o agrad\u00e1vel, tranquilo e confort\u00e1vel, seja para viagens a neg\u00f3cios ou escapadas tur\u00edsticas.\",\"breadcrumb\":{\"@id\":\"https:\\\/\\\/www.hotelferteletoile.com\\\/pt-br\\\/quartos-individuais-hotel-fertel-etoile-paris\\\/#breadcrumb\"},\"inLanguage\":\"pt-BR\",\"potentialAction\":[{\"@type\":\"ReadAction\",\"target\":[\"https:\\\/\\\/www.hotelferteletoile.com\\\/pt-br\\\/quartos-individuais-hotel-fertel-etoile-paris\\\/\"]}]},{\"@type\":\"BreadcrumbList\",\"@id\":\"https:\\\/\\\/www.hotelferteletoile.com\\\/pt-br\\\/quartos-individuais-hotel-fertel-etoile-paris\\\/#breadcrumb\",\"itemListElement\":[{\"@type\":\"ListItem\",\"position\":1,\"name\":\"Accueil\",\"item\":\"https:\\\/\\\/www.hotelferteletoile.com\\\/pt-br\\\/\"},{\"@type\":\"ListItem\",\"position\":2,\"name\":\"Chambre simple\"}]},{\"@type\":\"WebSite\",\"@id\":\"https:\\\/\\\/www.hotelferteletoile.com\\\/#website\",\"url\":\"https:\\\/\\\/www.hotelferteletoile.com\\\/\",\"name\":\"H\u00f4tel Fertel Etoile Paris\",\"description\":\"\",\"potentialAction\":[{\"@type\":\"SearchAction\",\"target\":{\"@type\":\"EntryPoint\",\"urlTemplate\":\"https:\\\/\\\/www.hotelferteletoile.com\\\/?s={search_term_string}\"},\"query-input\":{\"@type\":\"PropertyValueSpecification\",\"valueRequired\":true,\"valueName\":\"search_term_string\"}}],\"inLanguage\":\"pt-BR\"}]}<\/script>\n<!-- \/ Yoast SEO plugin. -->","yoast_head_json":{"title":"Quartos individuais no Hotel Fertel Etoile Paris \u2013 Arco do Triunfo","description":"Charmosos e modernos, os 51 quartos do hotel oferecem espa\u00e7o agrad\u00e1vel, tranquilo e confort\u00e1vel, seja para viagens a neg\u00f3cios ou escapadas tur\u00edsticas.","robots":{"index":"index","follow":"follow","max-snippet":"max-snippet:-1","max-image-preview":"max-image-preview:large","max-video-preview":"max-video-preview:-1"},"canonical":"https:\/\/www.hotelferteletoile.com\/pt-br\/quartos-individuais-hotel-fertel-etoile-paris\/","og_locale":"pt_BR","og_type":"article","og_title":"Quartos individuais no Hotel Fertel Etoile Paris \u2013 Arco do Triunfo","og_description":"Charmosos e modernos, os 51 quartos do hotel oferecem espa\u00e7o agrad\u00e1vel, tranquilo e confort\u00e1vel, seja para viagens a neg\u00f3cios ou escapadas tur\u00edsticas.","og_url":"https:\/\/www.hotelferteletoile.com\/pt-br\/quartos-individuais-hotel-fertel-etoile-paris\/","og_site_name":"H\u00f4tel Fertel Etoile Paris","article_modified_time":"2024-03-13T11:34:43+00:00","twitter_card":"summary_large_image","twitter_misc":{"Est. tempo de leitura":"1 minuto"},"schema":{"@context":"https:\/\/schema.org","@graph":[{"@type":"WebPage","@id":"https:\/\/www.hotelferteletoile.com\/pt-br\/quartos-individuais-hotel-fertel-etoile-paris\/","url":"https:\/\/www.hotelferteletoile.com\/pt-br\/quartos-individuais-hotel-fertel-etoile-paris\/","name":"Quartos individuais no Hotel Fertel Etoile Paris \u2013 Arco do Triunfo","isPartOf":{"@id":"https:\/\/www.hotelferteletoile.com\/#website"},"datePublished":"2023-05-28T09:16:40+00:00","dateModified":"2024-03-13T11:34:43+00:00","description":"Charmosos e modernos, os 51 quartos do hotel oferecem espa\u00e7o agrad\u00e1vel, tranquilo e confort\u00e1vel, seja para viagens a neg\u00f3cios ou escapadas tur\u00edsticas.","breadcrumb":{"@id":"https:\/\/www.hotelferteletoile.com\/pt-br\/quartos-individuais-hotel-fertel-etoile-paris\/#breadcrumb"},"inLanguage":"pt-BR","potentialAction":[{"@type":"ReadAction","target":["https:\/\/www.hotelferteletoile.com\/pt-br\/quartos-individuais-hotel-fertel-etoile-paris\/"]}]},{"@type":"BreadcrumbList","@id":"https:\/\/www.hotelferteletoile.com\/pt-br\/quartos-individuais-hotel-fertel-etoile-paris\/#breadcrumb","itemListElement":[{"@type":"ListItem","position":1,"name":"Accueil","item":"https:\/\/www.hotelferteletoile.com\/pt-br\/"},{"@type":"ListItem","position":2,"name":"Chambre simple"}]},{"@type":"WebSite","@id":"https:\/\/www.hotelferteletoile.com\/#website","url":"https:\/\/www.hotelferteletoile.com\/","name":"H\u00f4tel Fertel Etoile Paris","description":"","potentialAction":[{"@type":"SearchAction","target":{"@type":"EntryPoint","urlTemplate":"https:\/\/www.hotelferteletoile.com\/?s={search_term_string}"},"query-input":{"@type":"PropertyValueSpecification","valueRequired":true,"valueName":"search_term_string"}}],"inLanguage":"pt-BR"}]}},"_links":{"self":[{"href":"https:\/\/www.hotelferteletoile.com\/pt-br\/wp-json\/wp\/v2\/pages\/421","targetHints":{"allow":["GET"]}}],"collection":[{"href":"https:\/\/www.hotelferteletoile.com\/pt-br\/wp-json\/wp\/v2\/pages"}],"about":[{"href":"https:\/\/www.hotelferteletoile.com\/pt-br\/wp-json\/wp\/v2\/types\/page"}],"author":[{"embeddable":true,"href":"https:\/\/www.hotelferteletoile.com\/pt-br\/wp-json\/wp\/v2\/users\/1"}],"replies":[{"embeddable":true,"href":"https:\/\/www.hotelferteletoile.com\/pt-br\/wp-json\/wp\/v2\/comments?post=421"}],"version-history":[{"count":6,"href":"https:\/\/www.hotelferteletoile.com\/pt-br\/wp-json\/wp\/v2\/pages\/421\/revisions"}],"predecessor-version":[{"id":553,"href":"https:\/\/www.hotelferteletoile.com\/pt-br\/wp-json\/wp\/v2\/pages\/421\/revisions\/553"}],"wp:attachment":[{"href":"https:\/\/www.hotelferteletoile.com\/pt-br\/wp-json\/wp\/v2\/media?parent=421"}],"curies":[{"name":"wp","href":"https:\/\/api.w.org\/{rel}","templated":true}]}}