{"id":425,"date":"2023-05-24T11:23:33","date_gmt":"2023-05-24T09:23:33","guid":{"rendered":"https:\/\/www.hotelferteletoile.com\/new\/chambres-hotel-fertel-etoile-paris\/"},"modified":"2023-06-21T19:26:17","modified_gmt":"2023-06-21T17:26:17","slug":"quartos-hotel-fertel-etoile-paris","status":"publish","type":"page","link":"https:\/\/www.hotelferteletoile.com\/pt-br\/quartos-hotel-fertel-etoile-paris\/","title":{"rendered":"Chambres"},"content":{"rendered":"\n\t<section class=\"section\" id=\"section_752127900\">\n\t\t<div class=\"bg section-bg fill bg-fill  \" >\n\n\t\t\t\n\t\t\t\n\t\t\t\n\n\t\t<\/div>\n\n\t\t\n\n\t\t<div class=\"section-content relative\">\n\t\t\t\n\n\n\t\t<\/div>\n\n\t\t\n<style>\n#section_752127900 {\n  padding-top: 0px;\n  padding-bottom: 0px;\n  min-height: 300px;\n}\n#section_752127900 .section-bg.bg-loaded {\n  background-image: url(https:\/\/www.hotelferteletoile.com\/wp-content\/uploads\/2023\/05\/hotel-fertel-etoile-paris-20.jpg);\n}\n#section_752127900 .ux-shape-divider--top svg {\n  height: 150px;\n  --divider-top-width: 100%;\n}\n#section_752127900 .ux-shape-divider--bottom svg {\n  height: 150px;\n  --divider-width: 100%;\n}\n@media (min-width:550px) {\n  #section_752127900 {\n    min-height: 400px;\n  }\n}\n<\/style>\n\t<\/section>\n\t\n\t<section class=\"section\" id=\"section_852867900\">\n\t\t<div class=\"bg section-bg fill bg-fill  bg-loaded\" >\n\n\t\t\t\n\t\t\t\n\t\t\t\n\n\t\t<\/div>\n\n\t\t\n\n\t\t<div class=\"section-content relative\">\n\t\t\t\n\n<div class=\"row\"  id=\"row-1179107518\">\n\n\n\t<div id=\"col-1498786213\" class=\"col small-12 large-12\"  data-animate=\"fadeInUp\">\n\t\t\t\t<div class=\"col-inner\"  >\n\t\t\t\n\t\t\t\n\n<h1 style=\"text-align: center;\">QUARTOS DO HOTEL FERTEL ETOILE<\/h1>\n<p style=\"text-align: center;\">Charmosos e modernos, os 51 quartos do hotel oferecem espa\u00e7o agrad\u00e1vel, tranquilo e confort\u00e1vel, seja para viagens a neg\u00f3cios ou escapadas tur\u00edsticas.<\/p>\n\n\t\t<\/div>\n\t\t\t\t\t<\/div>\n\n\t\n\n<\/div>\n\n\t\t<\/div>\n\n\t\t\n<style>\n#section_852867900 {\n  padding-top: 30px;\n  padding-bottom: 30px;\n}\n#section_852867900 .ux-shape-divider--top svg {\n  height: 150px;\n  --divider-top-width: 100%;\n}\n#section_852867900 .ux-shape-divider--bottom svg {\n  height: 150px;\n  --divider-width: 100%;\n}\n<\/style>\n\t<\/section>\n\t\n\t<section class=\"section\" id=\"section_53814249\">\n\t\t<div class=\"bg section-bg fill bg-fill  bg-loaded\" >\n\n\t\t\t\n\t\t\t\n\t\t\t\n\n\t\t<\/div>\n\n\t\t\n\n\t\t<div class=\"section-content relative\">\n\t\t\t\n\n<div class=\"row row-full-width align-center\"  id=\"row-1248280599\">\n\n\n\t<div id=\"col-2090673428\" class=\"col medium-6 small-12 large-4\"  data-animate=\"fadeInUp\">\n\t\t\t\t<div class=\"col-inner\"  >\n\t\t\t\n\t\t\t\n\n\t<div class=\"box has-hover   has-hover box-shadow-3 box-text-bottom\" >\n\n\t\t<div class=\"box-image\" >\n\t\t\t<a href=\"https:\/\/www.hotelferteletoile.com\/pt-br\/quartos-individuais-hotel-fertel-etoile-paris\/\"  >\t\t\t<div class=\"image-zoom-fade image-cover\" style=\"padding-top:56.25%;\">\n\t\t\t\t<img decoding=\"async\" width=\"2048\" height=\"1314\" src=\"https:\/\/www.hotelferteletoile.com\/wp-content\/uploads\/2023\/05\/hotel-fertel-etoile-paris-23.jpg\" class=\"attachment- size-\" alt=\"H\u00f4tel Fertel Etoile Paris\" srcset=\"https:\/\/www.hotelferteletoile.com\/wp-content\/uploads\/2023\/05\/hotel-fertel-etoile-paris-23.jpg 2048w, https:\/\/www.hotelferteletoile.com\/wp-content\/uploads\/2023\/05\/hotel-fertel-etoile-paris-23-300x192.jpg 300w, https:\/\/www.hotelferteletoile.com\/wp-content\/uploads\/2023\/05\/hotel-fertel-etoile-paris-23-1024x657.jpg 1024w, https:\/\/www.hotelferteletoile.com\/wp-content\/uploads\/2023\/05\/hotel-fertel-etoile-paris-23-768x493.jpg 768w, https:\/\/www.hotelferteletoile.com\/wp-content\/uploads\/2023\/05\/hotel-fertel-etoile-paris-23-1536x986.jpg 1536w\" sizes=\"(max-width: 2048px) 100vw, 2048px\" \/>\t\t\t\t\t\t\t\t\t\t\t<\/div>\n\t\t\t<\/a>\t\t<\/div>\n\n\t\t<div class=\"box-text text-center\" >\n\t\t\t<div class=\"box-text-inner\">\n\t\t\t\t\n\n<h4>INDIVIDUAL<\/h4>\n<p>1 pessoa<\/p>\n<a href=\"https:\/\/www.hotelferteletoile.com\/pt-br\/quartos-individuais-hotel-fertel-etoile-paris\/\" target=\"_self\" class=\"button primary is-underline lowercase\"  >\n    <span>Saber mais<\/span>\n  <\/a>\n\n\n\n\t\t\t<\/div>\n\t\t<\/div>\n\t<\/div>\n\t\n\n\t\t<\/div>\n\t\t\t\t\t<\/div>\n\n\t\n\n\t<div id=\"col-1286153120\" class=\"col medium-6 small-12 large-4\"  data-animate=\"fadeInUp\">\n\t\t\t\t<div class=\"col-inner\"  >\n\t\t\t\n\t\t\t\n\n\t<div class=\"box has-hover   has-hover box-shadow-3 box-text-bottom\" >\n\n\t\t<div class=\"box-image\" >\n\t\t\t<a href=\"https:\/\/www.hotelferteletoile.com\/pt-br\/quarto-twiin-hotel-fertel-etoile-paris\/\"  >\t\t\t<div class=\"image-zoom-fade image-cover\" style=\"padding-top:56.25%;\">\n\t\t\t\t<img decoding=\"async\" width=\"2048\" height=\"1365\" src=\"https:\/\/www.hotelferteletoile.com\/wp-content\/uploads\/2023\/05\/hotel-fertel-etoile-paris-22.jpg\" class=\"attachment- size-\" alt=\"H\u00f4tel Fertel Etoile Paris\" srcset=\"https:\/\/www.hotelferteletoile.com\/wp-content\/uploads\/2023\/05\/hotel-fertel-etoile-paris-22.jpg 2048w, https:\/\/www.hotelferteletoile.com\/wp-content\/uploads\/2023\/05\/hotel-fertel-etoile-paris-22-300x200.jpg 300w, https:\/\/www.hotelferteletoile.com\/wp-content\/uploads\/2023\/05\/hotel-fertel-etoile-paris-22-1024x683.jpg 1024w, https:\/\/www.hotelferteletoile.com\/wp-content\/uploads\/2023\/05\/hotel-fertel-etoile-paris-22-768x512.jpg 768w, https:\/\/www.hotelferteletoile.com\/wp-content\/uploads\/2023\/05\/hotel-fertel-etoile-paris-22-1536x1024.jpg 1536w\" sizes=\"(max-width: 2048px) 100vw, 2048px\" \/>\t\t\t\t\t\t\t\t\t\t\t<\/div>\n\t\t\t<\/a>\t\t<\/div>\n\n\t\t<div class=\"box-text text-center\" >\n\t\t\t<div class=\"box-text-inner\">\n\t\t\t\t\n\n<h4>TWIN<\/h4>\n<p>2 personnes &#8211; 2 x Lits simples<\/p>\n<a href=\"https:\/\/www.hotelferteletoile.com\/pt-br\/quarto-twiin-hotel-fertel-etoile-paris\/\" target=\"_self\" class=\"button primary is-underline lowercase\"  >\n    <span>Saber mais<\/span>\n  <\/a>\n\n\n\n\t\t\t<\/div>\n\t\t<\/div>\n\t<\/div>\n\t\n\n\t\t<\/div>\n\t\t\t\t\t<\/div>\n\n\t\n\n\t<div id=\"col-1718659678\" class=\"col medium-6 small-12 large-4\"  data-animate=\"fadeInUp\">\n\t\t\t\t<div class=\"col-inner\"  >\n\t\t\t\n\t\t\t\n\n\t<div class=\"box has-hover   has-hover box-shadow-3 box-text-bottom\" >\n\n\t\t<div class=\"box-image\" >\n\t\t\t<a href=\"https:\/\/www.hotelferteletoile.com\/pt-br\/quarto-duplo-hotel-fertel-etoile-paris\/\"  >\t\t\t<div class=\"image-zoom-fade image-cover\" style=\"padding-top:56.25%;\">\n\t\t\t\t<img decoding=\"async\" width=\"2048\" height=\"1365\" src=\"https:\/\/www.hotelferteletoile.com\/wp-content\/uploads\/2023\/05\/hotel-fertel-etoile-paris-26.jpg\" class=\"attachment- size-\" alt=\"H\u00f4tel Fertel Etoile Paris\" srcset=\"https:\/\/www.hotelferteletoile.com\/wp-content\/uploads\/2023\/05\/hotel-fertel-etoile-paris-26.jpg 2048w, https:\/\/www.hotelferteletoile.com\/wp-content\/uploads\/2023\/05\/hotel-fertel-etoile-paris-26-300x200.jpg 300w, https:\/\/www.hotelferteletoile.com\/wp-content\/uploads\/2023\/05\/hotel-fertel-etoile-paris-26-1024x683.jpg 1024w, https:\/\/www.hotelferteletoile.com\/wp-content\/uploads\/2023\/05\/hotel-fertel-etoile-paris-26-768x512.jpg 768w, https:\/\/www.hotelferteletoile.com\/wp-content\/uploads\/2023\/05\/hotel-fertel-etoile-paris-26-1536x1024.jpg 1536w\" sizes=\"(max-width: 2048px) 100vw, 2048px\" \/>\t\t\t\t\t\t\t\t\t\t\t<\/div>\n\t\t\t<\/a>\t\t<\/div>\n\n\t\t<div class=\"box-text text-center\" >\n\t\t\t<div class=\"box-text-inner\">\n\t\t\t\t\n\n<h4>DUPLO<\/h4>\n<p>2 pessoas &#8211; 1 cama de casal<\/p>\n<a href=\"https:\/\/www.hotelferteletoile.com\/pt-br\/quarto-duplo-hotel-fertel-etoile-paris\/\" target=\"_self\" class=\"button primary is-underline lowercase\"  >\n    <span>Saber mais<\/span>\n  <\/a>\n\n\n\n\t\t\t<\/div>\n\t\t<\/div>\n\t<\/div>\n\t\n\n\t\t<\/div>\n\t\t\t\t\t<\/div>\n\n\t\n\n<\/div>\n\n\t\t<\/div>\n\n\t\t\n<style>\n#section_53814249 {\n  padding-top: 0px;\n  padding-bottom: 0px;\n}\n#section_53814249 .ux-shape-divider--top svg {\n  height: 150px;\n  --divider-top-width: 100%;\n}\n#section_53814249 .ux-shape-divider--bottom svg {\n  height: 150px;\n  --divider-width: 100%;\n}\n<\/style>\n\t<\/section>\n\t\n\t<section class=\"section\" id=\"section_1063548700\">\n\t\t<div class=\"bg section-bg fill bg-fill  bg-loaded\" >\n\n\t\t\t\n\t\t\t\n\t\t\t\n\n\t\t<\/div>\n\n\t\t\n\n\t\t<div class=\"section-content relative\">\n\t\t\t\n\n<div class=\"row row-small\"  id=\"row-1173080500\">\n\n\n\t<div id=\"col-849803838\" class=\"col medium-6 small-12 large-6\"  data-animate=\"fadeInUp\">\n\t\t\t\t<div class=\"col-inner\"  >\n\t\t\t\n\t\t\t\n\n<ul>\n<li>Ar condicionado<\/li>\n<li>Vidros duplos termoac\u00fasticos<\/li>\n<li>TV Tela plana com canais via sat\u00e9lite<\/li>\n<li>Banheiros com banheira ou chuveiro<\/li>\n<li>Secador de cabelo<\/li>\n<li>Acesso Wi-Fi gratuito<\/li>\n<\/ul>\n\n\t\t<\/div>\n\t\t\t\t\t<\/div>\n\n\t\n\n\t<div id=\"col-2114179384\" class=\"col medium-6 small-12 large-6\"  data-animate=\"fadeInUp\">\n\t\t\t\t<div class=\"col-inner\"  >\n\t\t\t\n\t\t\t\n\n<ul>\n<li>Cofres gratuitos<\/li>\n<li>Servi\u00e7o de lavanderia mediante solicita\u00e7\u00e3o<\/li>\n<li>Check-in: 14h<\/li>\n<li>Check-out: 11h<\/li>\n<li>Servi\u00e7o de bagagem poss\u00edvel<\/li>\n<\/ul>\n\n\t\t<\/div>\n\t\t\t\t\t<\/div>\n\n\t\n\n<\/div>\n\n\t\t<\/div>\n\n\t\t\n<style>\n#section_1063548700 {\n  padding-top: 30px;\n  padding-bottom: 30px;\n}\n#section_1063548700 .ux-shape-divider--top svg {\n  height: 150px;\n  --divider-top-width: 100%;\n}\n#section_1063548700 .ux-shape-divider--bottom svg {\n  height: 150px;\n  --divider-width: 100%;\n}\n<\/style>\n\t<\/section>\n\t\n\n","protected":false},"excerpt":{"rendered":"","protected":false},"author":1,"featured_media":0,"parent":0,"menu_order":0,"comment_status":"closed","ping_status":"closed","template":"page-blank.php","meta":{"footnotes":""},"class_list":["post-425","page","type-page","status-publish","hentry"],"yoast_head":"<!-- This site is optimized with the Yoast SEO plugin v27.3 - https:\/\/yoast.com\/product\/yoast-seo-wordpress\/ -->\n<title>Os quartos do Hotel Fertel Etoile Paris \u2013 Arco do Triunfo<\/title>\n<meta name=\"description\" content=\"Charmosos e modernos, os 51 quartos do hotel oferecem espa\u00e7o agrad\u00e1vel, tranquilo e confort\u00e1vel, seja para viagens a neg\u00f3cios ou escapadas tur\u00edsticas.\" \/>\n<meta name=\"robots\" content=\"index, follow, max-snippet:-1, max-image-preview:large, max-video-preview:-1\" \/>\n<link rel=\"canonical\" href=\"https:\/\/www.hotelferteletoile.com\/pt-br\/quartos-hotel-fertel-etoile-paris\/\" \/>\n<meta property=\"og:locale\" content=\"pt_BR\" \/>\n<meta property=\"og:type\" content=\"article\" \/>\n<meta property=\"og:title\" content=\"Os quartos do Hotel Fertel Etoile Paris \u2013 Arco do Triunfo\" \/>\n<meta property=\"og:description\" content=\"Charmosos e modernos, os 51 quartos do hotel oferecem espa\u00e7o agrad\u00e1vel, tranquilo e confort\u00e1vel, seja para viagens a neg\u00f3cios ou escapadas tur\u00edsticas.\" \/>\n<meta property=\"og:url\" content=\"https:\/\/www.hotelferteletoile.com\/pt-br\/quartos-hotel-fertel-etoile-paris\/\" \/>\n<meta property=\"og:site_name\" content=\"H\u00f4tel Fertel Etoile Paris\" \/>\n<meta property=\"article:modified_time\" content=\"2023-06-21T17:26:17+00:00\" \/>\n<meta name=\"twitter:card\" content=\"summary_large_image\" \/>\n<meta name=\"twitter:label1\" content=\"Est. tempo de leitura\" \/>\n\t<meta name=\"twitter:data1\" content=\"2 minutos\" \/>\n<script type=\"application\/ld+json\" class=\"yoast-schema-graph\">{\"@context\":\"https:\\\/\\\/schema.org\",\"@graph\":[{\"@type\":\"WebPage\",\"@id\":\"https:\\\/\\\/www.hotelferteletoile.com\\\/pt-br\\\/quartos-hotel-fertel-etoile-paris\\\/\",\"url\":\"https:\\\/\\\/www.hotelferteletoile.com\\\/pt-br\\\/quartos-hotel-fertel-etoile-paris\\\/\",\"name\":\"Os quartos do Hotel Fertel Etoile Paris \u2013 Arco do Triunfo\",\"isPartOf\":{\"@id\":\"https:\\\/\\\/www.hotelferteletoile.com\\\/#website\"},\"datePublished\":\"2023-05-24T09:23:33+00:00\",\"dateModified\":\"2023-06-21T17:26:17+00:00\",\"description\":\"Charmosos e modernos, os 51 quartos do hotel oferecem espa\u00e7o agrad\u00e1vel, tranquilo e confort\u00e1vel, seja para viagens a neg\u00f3cios ou escapadas tur\u00edsticas.\",\"breadcrumb\":{\"@id\":\"https:\\\/\\\/www.hotelferteletoile.com\\\/pt-br\\\/quartos-hotel-fertel-etoile-paris\\\/#breadcrumb\"},\"inLanguage\":\"pt-BR\",\"potentialAction\":[{\"@type\":\"ReadAction\",\"target\":[\"https:\\\/\\\/www.hotelferteletoile.com\\\/pt-br\\\/quartos-hotel-fertel-etoile-paris\\\/\"]}]},{\"@type\":\"BreadcrumbList\",\"@id\":\"https:\\\/\\\/www.hotelferteletoile.com\\\/pt-br\\\/quartos-hotel-fertel-etoile-paris\\\/#breadcrumb\",\"itemListElement\":[{\"@type\":\"ListItem\",\"position\":1,\"name\":\"Accueil\",\"item\":\"https:\\\/\\\/www.hotelferteletoile.com\\\/pt-br\\\/\"},{\"@type\":\"ListItem\",\"position\":2,\"name\":\"Chambres\"}]},{\"@type\":\"WebSite\",\"@id\":\"https:\\\/\\\/www.hotelferteletoile.com\\\/#website\",\"url\":\"https:\\\/\\\/www.hotelferteletoile.com\\\/\",\"name\":\"H\u00f4tel Fertel Etoile Paris\",\"description\":\"\",\"potentialAction\":[{\"@type\":\"SearchAction\",\"target\":{\"@type\":\"EntryPoint\",\"urlTemplate\":\"https:\\\/\\\/www.hotelferteletoile.com\\\/?s={search_term_string}\"},\"query-input\":{\"@type\":\"PropertyValueSpecification\",\"valueRequired\":true,\"valueName\":\"search_term_string\"}}],\"inLanguage\":\"pt-BR\"}]}<\/script>\n<!-- \/ Yoast SEO plugin. -->","yoast_head_json":{"title":"Os quartos do Hotel Fertel Etoile Paris \u2013 Arco do Triunfo","description":"Charmosos e modernos, os 51 quartos do hotel oferecem espa\u00e7o agrad\u00e1vel, tranquilo e confort\u00e1vel, seja para viagens a neg\u00f3cios ou escapadas tur\u00edsticas.","robots":{"index":"index","follow":"follow","max-snippet":"max-snippet:-1","max-image-preview":"max-image-preview:large","max-video-preview":"max-video-preview:-1"},"canonical":"https:\/\/www.hotelferteletoile.com\/pt-br\/quartos-hotel-fertel-etoile-paris\/","og_locale":"pt_BR","og_type":"article","og_title":"Os quartos do Hotel Fertel Etoile Paris \u2013 Arco do Triunfo","og_description":"Charmosos e modernos, os 51 quartos do hotel oferecem espa\u00e7o agrad\u00e1vel, tranquilo e confort\u00e1vel, seja para viagens a neg\u00f3cios ou escapadas tur\u00edsticas.","og_url":"https:\/\/www.hotelferteletoile.com\/pt-br\/quartos-hotel-fertel-etoile-paris\/","og_site_name":"H\u00f4tel Fertel Etoile Paris","article_modified_time":"2023-06-21T17:26:17+00:00","twitter_card":"summary_large_image","twitter_misc":{"Est. tempo de leitura":"2 minutos"},"schema":{"@context":"https:\/\/schema.org","@graph":[{"@type":"WebPage","@id":"https:\/\/www.hotelferteletoile.com\/pt-br\/quartos-hotel-fertel-etoile-paris\/","url":"https:\/\/www.hotelferteletoile.com\/pt-br\/quartos-hotel-fertel-etoile-paris\/","name":"Os quartos do Hotel Fertel Etoile Paris \u2013 Arco do Triunfo","isPartOf":{"@id":"https:\/\/www.hotelferteletoile.com\/#website"},"datePublished":"2023-05-24T09:23:33+00:00","dateModified":"2023-06-21T17:26:17+00:00","description":"Charmosos e modernos, os 51 quartos do hotel oferecem espa\u00e7o agrad\u00e1vel, tranquilo e confort\u00e1vel, seja para viagens a neg\u00f3cios ou escapadas tur\u00edsticas.","breadcrumb":{"@id":"https:\/\/www.hotelferteletoile.com\/pt-br\/quartos-hotel-fertel-etoile-paris\/#breadcrumb"},"inLanguage":"pt-BR","potentialAction":[{"@type":"ReadAction","target":["https:\/\/www.hotelferteletoile.com\/pt-br\/quartos-hotel-fertel-etoile-paris\/"]}]},{"@type":"BreadcrumbList","@id":"https:\/\/www.hotelferteletoile.com\/pt-br\/quartos-hotel-fertel-etoile-paris\/#breadcrumb","itemListElement":[{"@type":"ListItem","position":1,"name":"Accueil","item":"https:\/\/www.hotelferteletoile.com\/pt-br\/"},{"@type":"ListItem","position":2,"name":"Chambres"}]},{"@type":"WebSite","@id":"https:\/\/www.hotelferteletoile.com\/#website","url":"https:\/\/www.hotelferteletoile.com\/","name":"H\u00f4tel Fertel Etoile Paris","description":"","potentialAction":[{"@type":"SearchAction","target":{"@type":"EntryPoint","urlTemplate":"https:\/\/www.hotelferteletoile.com\/?s={search_term_string}"},"query-input":{"@type":"PropertyValueSpecification","valueRequired":true,"valueName":"search_term_string"}}],"inLanguage":"pt-BR"}]}},"_links":{"self":[{"href":"https:\/\/www.hotelferteletoile.com\/pt-br\/wp-json\/wp\/v2\/pages\/425","targetHints":{"allow":["GET"]}}],"collection":[{"href":"https:\/\/www.hotelferteletoile.com\/pt-br\/wp-json\/wp\/v2\/pages"}],"about":[{"href":"https:\/\/www.hotelferteletoile.com\/pt-br\/wp-json\/wp\/v2\/types\/page"}],"author":[{"embeddable":true,"href":"https:\/\/www.hotelferteletoile.com\/pt-br\/wp-json\/wp\/v2\/users\/1"}],"replies":[{"embeddable":true,"href":"https:\/\/www.hotelferteletoile.com\/pt-br\/wp-json\/wp\/v2\/comments?post=425"}],"version-history":[{"count":5,"href":"https:\/\/www.hotelferteletoile.com\/pt-br\/wp-json\/wp\/v2\/pages\/425\/revisions"}],"predecessor-version":[{"id":527,"href":"https:\/\/www.hotelferteletoile.com\/pt-br\/wp-json\/wp\/v2\/pages\/425\/revisions\/527"}],"wp:attachment":[{"href":"https:\/\/www.hotelferteletoile.com\/pt-br\/wp-json\/wp\/v2\/media?parent=425"}],"curies":[{"name":"wp","href":"https:\/\/api.w.org\/{rel}","templated":true}]}}