{"id":429,"date":"2023-05-28T15:13:23","date_gmt":"2023-05-28T13:13:23","guid":{"rendered":"https:\/\/www.hotelferteletoile.com\/new\/petit-dejeuner-hotel-fertel-etoile-paris\/"},"modified":"2023-06-21T20:45:30","modified_gmt":"2023-06-21T18:45:30","slug":"cafe-da-manha-hotel-fertel-etoile-paris","status":"publish","type":"page","link":"https:\/\/www.hotelferteletoile.com\/pt-br\/cafe-da-manha-hotel-fertel-etoile-paris\/","title":{"rendered":"Petit d\u00e9jeuner"},"content":{"rendered":"\n\t<section class=\"section\" id=\"section_485864147\">\n\t\t<div class=\"bg section-bg fill bg-fill  bg-loaded\" >\n\n\t\t\t\n\t\t\t\n\t\t\t\n\n\t\t<\/div>\n\n\t\t\n\n\t\t<div class=\"section-content relative\">\n\t\t\t\n\n<div class=\"slider-wrapper relative\" id=\"slider-279421990\" >\n    <div class=\"slider slider-nav-circle slider-nav-large slider-nav-light slider-style-normal\"\n        data-flickity-options='{\n            \"cellAlign\": \"center\",\n            \"imagesLoaded\": true,\n            \"lazyLoad\": 1,\n            \"freeScroll\": false,\n            \"wrapAround\": true,\n            \"autoPlay\": 6000,\n            \"pauseAutoPlayOnHover\" : true,\n            \"prevNextButtons\": true,\n            \"contain\" : true,\n            \"adaptiveHeight\" : true,\n            \"dragThreshold\" : 10,\n            \"percentPosition\": true,\n            \"pageDots\": true,\n            \"rightToLeft\": false,\n            \"draggable\": true,\n            \"selectedAttraction\": 0.1,\n            \"parallax\" : 0,\n            \"friction\": 0.6        }'\n        >\n        \n\n\n  <div class=\"banner has-hover\" id=\"banner-143207798\">\n          <div class=\"banner-inner fill\">\n        <div class=\"banner-bg fill\" >\n            <div class=\"bg fill bg-fill \"><\/div>\n                                    \n                    <\/div>\n\t\t\n        <div class=\"banner-layers container\">\n            <div class=\"fill banner-link\"><\/div>            \n\n   <div id=\"text-box-1710798045\" class=\"text-box banner-layer x50 md-x50 lg-x50 y50 md-y50 lg-y50 res-text\">\n                                <div class=\"text-box-content text dark\">\n              \n              <div class=\"text-inner text-center\">\n                  \n\n<h3 class=\"uppercase\"><strong><\/strong><\/h3>\n<p>&nbsp;<\/p>\n\n              <\/div>\n           <\/div>\n                            \n<style>\n#text-box-1710798045 {\n  width: 60%;\n}\n#text-box-1710798045 .text-box-content {\n  font-size: 100%;\n}\n<\/style>\n    <\/div>\n \n\n        <\/div>\n      <\/div>\n\n            \n<style>\n#banner-143207798 {\n  padding-top: 56.25%;\n}\n#banner-143207798 .bg.bg-loaded {\n  background-image: url(https:\/\/www.hotelferteletoile.com\/wp-content\/uploads\/2023\/05\/hotel-fertel-etoile-paris-36.jpg);\n}\n#banner-143207798 .ux-shape-divider--top svg {\n  height: 150px;\n  --divider-top-width: 100%;\n}\n#banner-143207798 .ux-shape-divider--bottom svg {\n  height: 150px;\n  --divider-width: 100%;\n}\n<\/style>\n  <\/div>\n\n\n\n  <div class=\"banner has-hover\" id=\"banner-1831931977\">\n          <div class=\"banner-inner fill\">\n        <div class=\"banner-bg fill\" >\n            <div class=\"bg fill bg-fill \"><\/div>\n                                    \n                    <\/div>\n\t\t\n        <div class=\"banner-layers container\">\n            <div class=\"fill banner-link\"><\/div>            \n\n   <div id=\"text-box-477250354\" class=\"text-box banner-layer x50 md-x50 lg-x50 y50 md-y50 lg-y50 res-text\">\n                                <div class=\"text-box-content text dark\">\n              \n              <div class=\"text-inner text-center\">\n                  \n\n<h3 class=\"uppercase\"><strong><\/strong><\/h3>\n<p>&nbsp;<\/p>\n\n              <\/div>\n           <\/div>\n                            \n<style>\n#text-box-477250354 {\n  width: 60%;\n}\n#text-box-477250354 .text-box-content {\n  font-size: 100%;\n}\n<\/style>\n    <\/div>\n \n\n        <\/div>\n      <\/div>\n\n            \n<style>\n#banner-1831931977 {\n  padding-top: 56.25%;\n}\n#banner-1831931977 .bg.bg-loaded {\n  background-image: url(https:\/\/www.hotelferteletoile.com\/wp-content\/uploads\/2023\/05\/hotel-fertel-etoile-paris-35.jpg);\n}\n#banner-1831931977 .ux-shape-divider--top svg {\n  height: 150px;\n  --divider-top-width: 100%;\n}\n#banner-1831931977 .ux-shape-divider--bottom svg {\n  height: 150px;\n  --divider-width: 100%;\n}\n<\/style>\n  <\/div>\n\n\n\n  <div class=\"banner has-hover\" id=\"banner-627717271\">\n          <div class=\"banner-inner fill\">\n        <div class=\"banner-bg fill\" >\n            <div class=\"bg fill bg-fill \"><\/div>\n                                    \n                    <\/div>\n\t\t\n        <div class=\"banner-layers container\">\n            <div class=\"fill banner-link\"><\/div>            \n\n   <div id=\"text-box-1590274038\" class=\"text-box banner-layer x50 md-x50 lg-x50 y50 md-y50 lg-y50 res-text\">\n                                <div class=\"text-box-content text dark\">\n              \n              <div class=\"text-inner text-center\">\n                  \n\n<h3 class=\"uppercase\"><strong><\/strong><\/h3>\n<p>&nbsp;<\/p>\n\n              <\/div>\n           <\/div>\n                            \n<style>\n#text-box-1590274038 {\n  width: 60%;\n}\n#text-box-1590274038 .text-box-content {\n  font-size: 100%;\n}\n<\/style>\n    <\/div>\n \n\n        <\/div>\n      <\/div>\n\n            \n<style>\n#banner-627717271 {\n  padding-top: 56.25%;\n}\n#banner-627717271 .bg.bg-loaded {\n  background-image: url(https:\/\/www.hotelferteletoile.com\/wp-content\/uploads\/2023\/05\/hotel-fertel-etoile-paris-34.jpg);\n}\n#banner-627717271 .ux-shape-divider--top svg {\n  height: 150px;\n  --divider-top-width: 100%;\n}\n#banner-627717271 .ux-shape-divider--bottom svg {\n  height: 150px;\n  --divider-width: 100%;\n}\n<\/style>\n  <\/div>\n\n\n\n  <div class=\"banner has-hover\" id=\"banner-1659492960\">\n          <div class=\"banner-inner fill\">\n        <div class=\"banner-bg fill\" >\n            <div class=\"bg fill bg-fill \"><\/div>\n                                    \n                    <\/div>\n\t\t\n        <div class=\"banner-layers container\">\n            <div class=\"fill banner-link\"><\/div>            \n\n   <div id=\"text-box-116116035\" class=\"text-box banner-layer x50 md-x50 lg-x50 y50 md-y50 lg-y50 res-text\">\n                                <div class=\"text-box-content text dark\">\n              \n              <div class=\"text-inner text-center\">\n                  \n\n<h3 class=\"uppercase\"><strong><\/strong><\/h3>\n<p>&nbsp;<\/p>\n\n              <\/div>\n           <\/div>\n                            \n<style>\n#text-box-116116035 {\n  width: 60%;\n}\n#text-box-116116035 .text-box-content {\n  font-size: 100%;\n}\n<\/style>\n    <\/div>\n \n\n        <\/div>\n      <\/div>\n\n            \n<style>\n#banner-1659492960 {\n  padding-top: 56.25%;\n}\n#banner-1659492960 .bg.bg-loaded {\n  background-image: url(https:\/\/www.hotelferteletoile.com\/wp-content\/uploads\/2023\/05\/hotel-fertel-etoile-paris-33.jpg);\n}\n#banner-1659492960 .ux-shape-divider--top svg {\n  height: 150px;\n  --divider-top-width: 100%;\n}\n#banner-1659492960 .ux-shape-divider--bottom svg {\n  height: 150px;\n  --divider-width: 100%;\n}\n<\/style>\n  <\/div>\n\n\n\n  <div class=\"banner has-hover\" id=\"banner-1919959766\">\n          <div class=\"banner-inner fill\">\n        <div class=\"banner-bg fill\" >\n            <div class=\"bg fill bg-fill \"><\/div>\n                                    \n                    <\/div>\n\t\t\n        <div class=\"banner-layers container\">\n            <div class=\"fill banner-link\"><\/div>            \n\n   <div id=\"text-box-57054565\" class=\"text-box banner-layer x50 md-x50 lg-x50 y50 md-y50 lg-y50 res-text\">\n                                <div class=\"text-box-content text dark\">\n              \n              <div class=\"text-inner text-center\">\n                  \n\n<h3 class=\"uppercase\"><strong><\/strong><\/h3>\n<p>&nbsp;<\/p>\n\n              <\/div>\n           <\/div>\n                            \n<style>\n#text-box-57054565 {\n  width: 60%;\n}\n#text-box-57054565 .text-box-content {\n  font-size: 100%;\n}\n<\/style>\n    <\/div>\n \n\n        <\/div>\n      <\/div>\n\n            \n<style>\n#banner-1919959766 {\n  padding-top: 56.25%;\n}\n#banner-1919959766 .bg.bg-loaded {\n  background-image: url(https:\/\/www.hotelferteletoile.com\/wp-content\/uploads\/2023\/05\/hotel-fertel-etoile-paris-32.jpg);\n}\n#banner-1919959766 .ux-shape-divider--top svg {\n  height: 150px;\n  --divider-top-width: 100%;\n}\n#banner-1919959766 .ux-shape-divider--bottom svg {\n  height: 150px;\n  --divider-width: 100%;\n}\n<\/style>\n  <\/div>\n\n\n\n  <div class=\"banner has-hover\" id=\"banner-1004062773\">\n          <div class=\"banner-inner fill\">\n        <div class=\"banner-bg fill\" >\n            <div class=\"bg fill bg-fill \"><\/div>\n                                    \n                    <\/div>\n\t\t\n        <div class=\"banner-layers container\">\n            <div class=\"fill banner-link\"><\/div>            \n\n   <div id=\"text-box-1913548033\" class=\"text-box banner-layer x50 md-x50 lg-x50 y50 md-y50 lg-y50 res-text\">\n                                <div class=\"text-box-content text dark\">\n              \n              <div class=\"text-inner text-center\">\n                  \n\n<h3 class=\"uppercase\"><strong><\/strong><\/h3>\n<p>&nbsp;<\/p>\n\n              <\/div>\n           <\/div>\n                            \n<style>\n#text-box-1913548033 {\n  width: 60%;\n}\n#text-box-1913548033 .text-box-content {\n  font-size: 100%;\n}\n<\/style>\n    <\/div>\n \n\n        <\/div>\n      <\/div>\n\n            \n<style>\n#banner-1004062773 {\n  padding-top: 56.25%;\n}\n#banner-1004062773 .bg.bg-loaded {\n  background-image: url(https:\/\/www.hotelferteletoile.com\/wp-content\/uploads\/2023\/05\/hotel-fertel-etoile-paris-25.jpg);\n}\n#banner-1004062773 .ux-shape-divider--top svg {\n  height: 150px;\n  --divider-top-width: 100%;\n}\n#banner-1004062773 .ux-shape-divider--bottom svg {\n  height: 150px;\n  --divider-width: 100%;\n}\n<\/style>\n  <\/div>\n\n\n\n     <\/div>\n\n     <div class=\"loading-spin dark large centered\"><\/div>\n\n     \t<\/div>\n\n\n\n\t\t<\/div>\n\n\t\t\n<style>\n#section_485864147 {\n  padding-top: 0px;\n  padding-bottom: 0px;\n}\n#section_485864147 .ux-shape-divider--top svg {\n  height: 150px;\n  --divider-top-width: 100%;\n}\n#section_485864147 .ux-shape-divider--bottom svg {\n  height: 150px;\n  --divider-width: 100%;\n}\n<\/style>\n\t<\/section>\n\t\n<div class=\"row\"  id=\"row-248659666\">\n\n\n\t<div id=\"col-1692665489\" class=\"col small-12 large-12\"  data-animate=\"fadeInUp\">\n\t\t\t\t<div class=\"col-inner text-center\"  >\n\t\t\t\n\t\t\t\n\n<h1 style=\"text-align: center;\">CAF\u00c9 DA MANH\u00c3 NO HOTEL FERTEL ETOILE<\/h1>\n<p>Desfrute o seu caf\u00e9 da manh\u00e3, das 7h \u00e0s 10h, em uma sala com vista para um pequeno jardim arborizado e florido ou no sal\u00e3o de refei\u00e7\u00f5es.<\/p>\n<p>Buffet frio: suco de fruta, caf\u00e9, ch\u00e1, chocolate, frutas frescas, viennoiseries, queijos, iogurtes, cereais, compotas e salada de fruta.<\/p>\n<p>Se preferir, o caf\u00e9 da manh\u00e3 continental poder\u00e1 ser servido em seu quarto sem suplemento.<\/p>\n<a rel=\"noopener noreferrer\" href=\"https:\/\/www.secure-hotel-booking.com\/hotelFertel-Etoile\/232U\/dateselection?language=PT\" target=\"_blank\" class=\"button primary is-link\"  >\n    <span>Reservar um quarto<\/span>\n  <\/a>\n\n\n\n\t\t<\/div>\n\t\t\t\t\t<\/div>\n\n\t\n\n<\/div>\n\t<section class=\"section\" id=\"section_982052765\">\n\t\t<div class=\"bg section-bg fill bg-fill  \" >\n\n\t\t\t\n\t\t\t<div class=\"section-bg-overlay absolute fill\"><\/div>\n\t\t\t\n\n\t\t<\/div>\n\n\t\t\n\n\t\t<div class=\"section-content relative\">\n\t\t\t\n\n<div class=\"row row-collapse row-full-width align-middle\"  id=\"row-517321700\">\n\n\n\t<div id=\"col-386594271\" class=\"col medium-6 small-12 large-6\"  data-animate=\"fadeInLeft\">\n\t\t\t\t<div class=\"col-inner text-center\"  >\n\t\t\t\n\t\t\t\n\n<h2>Nossos quartos<\/h2>\n<p>Charmosos e modernos ao mesmo tempo, nossos 51 quartos oferecem um ambiente agrad\u00e1vel, tranquilo e confort\u00e1vel.<\/p>\n<a href=\"https:\/\/www.hotelferteletoile.com\/pt-br\/quartos-hotel-fertel-etoile-paris\/\" target=\"_self\" class=\"button primary is-underline box-shadow-2 lowercase\"  >\n    <span>Saber mais<\/span>\n  <\/a>\n\n\n\n\t\t<\/div>\n\t\t\t\t\n<style>\n#col-386594271 > .col-inner {\n  padding: 10% 10% 10% 10%;\n  max-width: 520px;\n}\n<\/style>\n\t<\/div>\n\n\t\n\n\t<div id=\"col-662031882\" class=\"col medium-6 small-12 large-6 small-col-first\"  data-animate=\"fadeInRight\">\n\t\t\t\t<div class=\"col-inner\"  >\n\t\t\t\n\t\t\t\n\n\t<div class=\"img has-hover x md-x lg-x y md-y lg-y\" id=\"image_679608745\">\n\t\t\t\t\t\t\t\t<div class=\"img-inner image-cover dark\" style=\"padding-top:56.25%;\">\n\t\t\t<img decoding=\"async\" width=\"1020\" height=\"680\" src=\"https:\/\/www.hotelferteletoile.com\/wp-content\/uploads\/2023\/05\/hotel-fertel-etoile-paris-27-1024x683.jpg\" class=\"attachment-large size-large\" alt=\"H\u00f4tel Fertel Etoile Paris\" srcset=\"https:\/\/www.hotelferteletoile.com\/wp-content\/uploads\/2023\/05\/hotel-fertel-etoile-paris-27-1024x683.jpg 1024w, https:\/\/www.hotelferteletoile.com\/wp-content\/uploads\/2023\/05\/hotel-fertel-etoile-paris-27-300x200.jpg 300w, https:\/\/www.hotelferteletoile.com\/wp-content\/uploads\/2023\/05\/hotel-fertel-etoile-paris-27-768x512.jpg 768w, https:\/\/www.hotelferteletoile.com\/wp-content\/uploads\/2023\/05\/hotel-fertel-etoile-paris-27-1536x1024.jpg 1536w, https:\/\/www.hotelferteletoile.com\/wp-content\/uploads\/2023\/05\/hotel-fertel-etoile-paris-27.jpg 2048w\" sizes=\"(max-width: 1020px) 100vw, 1020px\" \/>\t\t\t\t\t\t\n\t\t\t\t\t<\/div>\n\t\t\t\t\t\t\t\t\n<style>\n#image_679608745 {\n  width: 100%;\n}\n<\/style>\n\t<\/div>\n\t\n\n\n\t\t<\/div>\n\t\t\t\t\t<\/div>\n\n\t\n\n<\/div>\n\n\t\t<\/div>\n\n\t\t\n<style>\n#section_982052765 {\n  padding-top: 0px;\n  padding-bottom: 0px;\n  background-color: rgb(247, 247, 247);\n}\n#section_982052765 .section-bg-overlay {\n  background-color: rgba(255, 255, 255, 0.85);\n}\n#section_982052765 .section-bg.bg-loaded {\n  background-image: url(https:\/\/www.hotelferteletoile.com\/wp-content\/uploads\/2023\/05\/hotel-fertel-etoile-paris-22.jpg);\n}\n#section_982052765 .ux-shape-divider--top svg {\n  height: 150px;\n  --divider-top-width: 100%;\n}\n#section_982052765 .ux-shape-divider--bottom svg {\n  height: 150px;\n  --divider-width: 100%;\n}\n<\/style>\n\t<\/section>\n\t\n\n","protected":false},"excerpt":{"rendered":"","protected":false},"author":1,"featured_media":0,"parent":0,"menu_order":0,"comment_status":"closed","ping_status":"closed","template":"page-transparent-header.php","meta":{"footnotes":""},"class_list":["post-429","page","type-page","status-publish","hentry"],"yoast_head":"<!-- This site is optimized with the Yoast SEO plugin v27.3 - https:\/\/yoast.com\/product\/yoast-seo-wordpress\/ -->\n<title>Caf\u00e9 da manh\u00e3 no Hotel Fertel Etoile Paris \u2013 Arco do Triunfo Paris<\/title>\n<meta name=\"description\" content=\"Desfrute do seu pequeno-almo\u00e7o das 07:00h \u00e0s 10:00h numa sala com vista para o nosso pequeno jardim com \u00e1rvores e flores ou no lado do sal\u00e3o.\" \/>\n<meta name=\"robots\" content=\"index, follow, max-snippet:-1, max-image-preview:large, max-video-preview:-1\" \/>\n<link rel=\"canonical\" href=\"https:\/\/www.hotelferteletoile.com\/pt-br\/cafe-da-manha-hotel-fertel-etoile-paris\/\" \/>\n<meta property=\"og:locale\" content=\"pt_BR\" \/>\n<meta property=\"og:type\" content=\"article\" \/>\n<meta property=\"og:title\" content=\"Caf\u00e9 da manh\u00e3 no Hotel Fertel Etoile Paris \u2013 Arco do Triunfo Paris\" \/>\n<meta property=\"og:description\" content=\"Desfrute do seu pequeno-almo\u00e7o das 07:00h \u00e0s 10:00h numa sala com vista para o nosso pequeno jardim com \u00e1rvores e flores ou no lado do sal\u00e3o.\" \/>\n<meta property=\"og:url\" content=\"https:\/\/www.hotelferteletoile.com\/pt-br\/cafe-da-manha-hotel-fertel-etoile-paris\/\" \/>\n<meta property=\"og:site_name\" content=\"H\u00f4tel Fertel Etoile Paris\" \/>\n<meta property=\"article:modified_time\" content=\"2023-06-21T18:45:30+00:00\" \/>\n<meta name=\"twitter:card\" content=\"summary_large_image\" \/>\n<meta name=\"twitter:label1\" content=\"Est. tempo de leitura\" \/>\n\t<meta name=\"twitter:data1\" content=\"2 minutos\" \/>\n<script type=\"application\/ld+json\" class=\"yoast-schema-graph\">{\"@context\":\"https:\\\/\\\/schema.org\",\"@graph\":[{\"@type\":\"WebPage\",\"@id\":\"https:\\\/\\\/www.hotelferteletoile.com\\\/pt-br\\\/cafe-da-manha-hotel-fertel-etoile-paris\\\/\",\"url\":\"https:\\\/\\\/www.hotelferteletoile.com\\\/pt-br\\\/cafe-da-manha-hotel-fertel-etoile-paris\\\/\",\"name\":\"Caf\u00e9 da manh\u00e3 no Hotel Fertel Etoile Paris \u2013 Arco do Triunfo Paris\",\"isPartOf\":{\"@id\":\"https:\\\/\\\/www.hotelferteletoile.com\\\/#website\"},\"datePublished\":\"2023-05-28T13:13:23+00:00\",\"dateModified\":\"2023-06-21T18:45:30+00:00\",\"description\":\"Desfrute do seu pequeno-almo\u00e7o das 07:00h \u00e0s 10:00h numa sala com vista para o nosso pequeno jardim com \u00e1rvores e flores ou no lado do sal\u00e3o.\",\"breadcrumb\":{\"@id\":\"https:\\\/\\\/www.hotelferteletoile.com\\\/pt-br\\\/cafe-da-manha-hotel-fertel-etoile-paris\\\/#breadcrumb\"},\"inLanguage\":\"pt-BR\",\"potentialAction\":[{\"@type\":\"ReadAction\",\"target\":[\"https:\\\/\\\/www.hotelferteletoile.com\\\/pt-br\\\/cafe-da-manha-hotel-fertel-etoile-paris\\\/\"]}]},{\"@type\":\"BreadcrumbList\",\"@id\":\"https:\\\/\\\/www.hotelferteletoile.com\\\/pt-br\\\/cafe-da-manha-hotel-fertel-etoile-paris\\\/#breadcrumb\",\"itemListElement\":[{\"@type\":\"ListItem\",\"position\":1,\"name\":\"Accueil\",\"item\":\"https:\\\/\\\/www.hotelferteletoile.com\\\/pt-br\\\/\"},{\"@type\":\"ListItem\",\"position\":2,\"name\":\"Petit d\u00e9jeuner\"}]},{\"@type\":\"WebSite\",\"@id\":\"https:\\\/\\\/www.hotelferteletoile.com\\\/#website\",\"url\":\"https:\\\/\\\/www.hotelferteletoile.com\\\/\",\"name\":\"H\u00f4tel Fertel Etoile Paris\",\"description\":\"\",\"potentialAction\":[{\"@type\":\"SearchAction\",\"target\":{\"@type\":\"EntryPoint\",\"urlTemplate\":\"https:\\\/\\\/www.hotelferteletoile.com\\\/?s={search_term_string}\"},\"query-input\":{\"@type\":\"PropertyValueSpecification\",\"valueRequired\":true,\"valueName\":\"search_term_string\"}}],\"inLanguage\":\"pt-BR\"}]}<\/script>\n<!-- \/ Yoast SEO plugin. -->","yoast_head_json":{"title":"Caf\u00e9 da manh\u00e3 no Hotel Fertel Etoile Paris \u2013 Arco do Triunfo Paris","description":"Desfrute do seu pequeno-almo\u00e7o das 07:00h \u00e0s 10:00h numa sala com vista para o nosso pequeno jardim com \u00e1rvores e flores ou no lado do sal\u00e3o.","robots":{"index":"index","follow":"follow","max-snippet":"max-snippet:-1","max-image-preview":"max-image-preview:large","max-video-preview":"max-video-preview:-1"},"canonical":"https:\/\/www.hotelferteletoile.com\/pt-br\/cafe-da-manha-hotel-fertel-etoile-paris\/","og_locale":"pt_BR","og_type":"article","og_title":"Caf\u00e9 da manh\u00e3 no Hotel Fertel Etoile Paris \u2013 Arco do Triunfo Paris","og_description":"Desfrute do seu pequeno-almo\u00e7o das 07:00h \u00e0s 10:00h numa sala com vista para o nosso pequeno jardim com \u00e1rvores e flores ou no lado do sal\u00e3o.","og_url":"https:\/\/www.hotelferteletoile.com\/pt-br\/cafe-da-manha-hotel-fertel-etoile-paris\/","og_site_name":"H\u00f4tel Fertel Etoile Paris","article_modified_time":"2023-06-21T18:45:30+00:00","twitter_card":"summary_large_image","twitter_misc":{"Est. tempo de leitura":"2 minutos"},"schema":{"@context":"https:\/\/schema.org","@graph":[{"@type":"WebPage","@id":"https:\/\/www.hotelferteletoile.com\/pt-br\/cafe-da-manha-hotel-fertel-etoile-paris\/","url":"https:\/\/www.hotelferteletoile.com\/pt-br\/cafe-da-manha-hotel-fertel-etoile-paris\/","name":"Caf\u00e9 da manh\u00e3 no Hotel Fertel Etoile Paris \u2013 Arco do Triunfo Paris","isPartOf":{"@id":"https:\/\/www.hotelferteletoile.com\/#website"},"datePublished":"2023-05-28T13:13:23+00:00","dateModified":"2023-06-21T18:45:30+00:00","description":"Desfrute do seu pequeno-almo\u00e7o das 07:00h \u00e0s 10:00h numa sala com vista para o nosso pequeno jardim com \u00e1rvores e flores ou no lado do sal\u00e3o.","breadcrumb":{"@id":"https:\/\/www.hotelferteletoile.com\/pt-br\/cafe-da-manha-hotel-fertel-etoile-paris\/#breadcrumb"},"inLanguage":"pt-BR","potentialAction":[{"@type":"ReadAction","target":["https:\/\/www.hotelferteletoile.com\/pt-br\/cafe-da-manha-hotel-fertel-etoile-paris\/"]}]},{"@type":"BreadcrumbList","@id":"https:\/\/www.hotelferteletoile.com\/pt-br\/cafe-da-manha-hotel-fertel-etoile-paris\/#breadcrumb","itemListElement":[{"@type":"ListItem","position":1,"name":"Accueil","item":"https:\/\/www.hotelferteletoile.com\/pt-br\/"},{"@type":"ListItem","position":2,"name":"Petit d\u00e9jeuner"}]},{"@type":"WebSite","@id":"https:\/\/www.hotelferteletoile.com\/#website","url":"https:\/\/www.hotelferteletoile.com\/","name":"H\u00f4tel Fertel Etoile Paris","description":"","potentialAction":[{"@type":"SearchAction","target":{"@type":"EntryPoint","urlTemplate":"https:\/\/www.hotelferteletoile.com\/?s={search_term_string}"},"query-input":{"@type":"PropertyValueSpecification","valueRequired":true,"valueName":"search_term_string"}}],"inLanguage":"pt-BR"}]}},"_links":{"self":[{"href":"https:\/\/www.hotelferteletoile.com\/pt-br\/wp-json\/wp\/v2\/pages\/429","targetHints":{"allow":["GET"]}}],"collection":[{"href":"https:\/\/www.hotelferteletoile.com\/pt-br\/wp-json\/wp\/v2\/pages"}],"about":[{"href":"https:\/\/www.hotelferteletoile.com\/pt-br\/wp-json\/wp\/v2\/types\/page"}],"author":[{"embeddable":true,"href":"https:\/\/www.hotelferteletoile.com\/pt-br\/wp-json\/wp\/v2\/users\/1"}],"replies":[{"embeddable":true,"href":"https:\/\/www.hotelferteletoile.com\/pt-br\/wp-json\/wp\/v2\/comments?post=429"}],"version-history":[{"count":4,"href":"https:\/\/www.hotelferteletoile.com\/pt-br\/wp-json\/wp\/v2\/pages\/429\/revisions"}],"predecessor-version":[{"id":540,"href":"https:\/\/www.hotelferteletoile.com\/pt-br\/wp-json\/wp\/v2\/pages\/429\/revisions\/540"}],"wp:attachment":[{"href":"https:\/\/www.hotelferteletoile.com\/pt-br\/wp-json\/wp\/v2\/media?parent=429"}],"curies":[{"name":"wp","href":"https:\/\/api.w.org\/{rel}","templated":true}]}}