{"id":431,"date":"2023-05-28T16:49:59","date_gmt":"2023-05-28T14:49:59","guid":{"rendered":"https:\/\/www.hotelferteletoile.com\/new\/situation-hotel-fertel-etoile-paris\/"},"modified":"2026-04-03T23:19:02","modified_gmt":"2026-04-03T21:19:02","slug":"localizacao-hotel-fertel-etoile-paris","status":"publish","type":"page","link":"https:\/\/www.hotelferteletoile.com\/pt-br\/localizacao-hotel-fertel-etoile-paris\/","title":{"rendered":"Situation"},"content":{"rendered":"\n\t<section class=\"section\" id=\"section_201392871\">\n\t\t<div class=\"bg section-bg fill bg-fill  bg-loaded\" >\n\n\t\t\t\n\t\t\t\n\t\t\t\n\n\t\t<\/div>\n\n\t\t\n\n\t\t<div class=\"section-content relative\">\n\t\t\t\n\n\n\n<iframe class=\"google-map\" src=\"https:\/\/www.google.com\/maps\/embed?pb=!1m18!1m12!1m3!1d2624.0628710541396!2d2.289931!3d48.876078!2m3!1f0!2f0!3f0!3m2!1i1024!2i768!4f13.1!3m3!1m2!1s0x47e66ff29fe17535%3A0xe7e677e13809cb41!2sH%C3%B4tel+Fertel+Etoile!5e0!3m2!1sfr!2sfr!4v1429782503074\" width=\"100%\" height=\"460\" frameborder=\"0\" style=\"border:0\"><\/iframe>\n\n\n\t\t<\/div>\n\n\t\t\n<style>\n#section_201392871 {\n  padding-top: 0px;\n  padding-bottom: 0px;\n}\n#section_201392871 .ux-shape-divider--top svg {\n  height: 150px;\n  --divider-top-width: 100%;\n}\n#section_201392871 .ux-shape-divider--bottom svg {\n  height: 150px;\n  --divider-width: 100%;\n}\n<\/style>\n\t<\/section>\n\t\n<div class=\"row\"  id=\"row-1990245363\">\n\n\n\t<div id=\"col-388599336\" class=\"col small-12 large-12\"  data-animate=\"fadeInUp\">\n\t\t\t\t<div class=\"col-inner\"  >\n\t\t\t\n\t\t\t\n\n<h1 style=\"text-align: center;\">LOCALIZA\u00c7\u00c3O DO HOTEL FERTEL ETOILE<\/h1>\n<p style=\"text-align: center;\">A poucos minutos da Champs-Elys\u00e9es e do Arco do Triunfo, um belo hotel, charmoso e sofisticado!<\/p>\n\n\t\t<\/div>\n\t\t\t\t\t<\/div>\n\n\t\n\n\t<div id=\"col-375795840\" class=\"col medium-6 small-12 large-6\"  data-animate=\"fadeInLeft\">\n\t\t\t\t<div class=\"col-inner\"  >\n\t\t\t\n\t\t\t\n\n<h2>TRANSPORTES P\u00daBLICOS<\/h2>\n<ul>\n<li><strong>Metr\u00f4 :<\/strong>\u00a0Argentine (linha 1)<\/li>\n<li><strong>RER (nas proximidades) :<\/strong><br \/>&#8211; Charles De Gaulle-Etoile (linha A)<br \/>&#8211; Neuilly-Porte Maillot (linhas C e E)<\/li>\n<li><strong>\u00d4nibus :<\/strong>\u00a0Argentine (linha 73)<\/li>\n<li><strong>Estacionamento :<\/strong>\u00a0<a href=\"https:\/\/www.q-park.fr\/fr-fr\/villes\/paris\/hotel-fertel-etoile\/\" target=\"_blank\" rel=\"noopener\"><strong>Q-Park Le M\u00e9ridien Porte Maillot<\/strong>: clique aqui para reservar<\/a><\/li>\n<li>El\u00e9ctrico: Porte Maillot \u2013 Palais des Congr\u00e8s (Linha T3B)<\/li>\n<li>Aerobus: Aeroporto de Beauvais \u2013 Porte Maillot (Linha A01)<\/li>\n<\/ul>\n\n\n\t\t<\/div>\n\t\t\t\t\t<\/div>\n\n\t\n\n\t<div id=\"col-2113848843\" class=\"col medium-6 small-12 large-6\"  data-animate=\"fadeInRight\">\n\t\t\t\t<div class=\"col-inner\"  >\n\t\t\t\n\t\t\t\n\n\t<div class=\"img has-hover x md-x lg-x y md-y lg-y\" id=\"image_1977287554\">\n\t\t\t\t\t\t\t\t<div class=\"img-inner box-shadow-3 dark\" >\n\t\t\t<img decoding=\"async\" width=\"1020\" height=\"467\" src=\"https:\/\/www.hotelferteletoile.com\/wp-content\/uploads\/2023\/05\/hotel-fertel-etoile-paris-1-1-1024x469.jpg\" class=\"attachment-large size-large\" alt=\"H\u00f4tel Fertel Etoile Paris\" srcset=\"https:\/\/www.hotelferteletoile.com\/wp-content\/uploads\/2023\/05\/hotel-fertel-etoile-paris-1-1-1024x469.jpg 1024w, https:\/\/www.hotelferteletoile.com\/wp-content\/uploads\/2023\/05\/hotel-fertel-etoile-paris-1-1-300x137.jpg 300w, https:\/\/www.hotelferteletoile.com\/wp-content\/uploads\/2023\/05\/hotel-fertel-etoile-paris-1-1-768x352.jpg 768w, https:\/\/www.hotelferteletoile.com\/wp-content\/uploads\/2023\/05\/hotel-fertel-etoile-paris-1-1-1536x704.jpg 1536w, https:\/\/www.hotelferteletoile.com\/wp-content\/uploads\/2023\/05\/hotel-fertel-etoile-paris-1-1.jpg 2036w\" sizes=\"(max-width: 1020px) 100vw, 1020px\" \/>\t\t\t\t\t\t\n\t\t\t\t\t<\/div>\n\t\t\t\t\t\t\t\t\n<style>\n#image_1977287554 {\n  width: 100%;\n}\n<\/style>\n\t<\/div>\n\t\n\n\n\t\t<\/div>\n\t\t\t\t\t<\/div>\n\n\t\n\n\t<div id=\"col-1305099851\" class=\"col small-12 large-12\"  data-animate=\"fadeInUp\">\n\t\t\t\t<div class=\"col-inner\"  >\n\t\t\t\n\t\t\t\n\n<h2>COMO CHEGAR AO HOTEL A PARTIR DOS AEROPORTOS E ESTA\u00c7\u00d5ES<\/h2>\n<ul>\n<li><strong>Do Aeroporto Roissy-Charles-de-Gaulle :<\/strong><br \/>&#8211; RER B at\u00e9 Ch\u00e2telet e metr\u00f4 linha 1 dire\u00e7\u00e3o La D\u00e9fense, parada Argentine.<\/li>\n<li><strong>Do Aeroporto de Orly :<\/strong><br \/>&#8211; Orlyval (metr\u00f4 autom\u00e1tico) at\u00e9 Antony, RER B at\u00e9 Ch\u00e2telet e metr\u00f4 linha 1 dire\u00e7\u00e3o La D\u00e9fense, parada Argentine.<\/li>\n<li><strong>Da Gare du Nord\/Gare de l&#8217;Est :<\/strong>\u00a0Metr\u00f4 linha 4 dire\u00e7\u00e3o Porte d&#8217;Orl\u00e9ans at\u00e9 Ch\u00e2telet e metr\u00f4 linha 1 dire\u00e7\u00e3o La D\u00e9fense, parada Argentine.<\/li>\n<li><strong>Da gare d&#8217;Austerlitz :<\/strong>\u00a0Metr\u00f4 linha 5 dire\u00e7\u00e3o Bobigny at\u00e9 Bastille e linha 1 dire\u00e7\u00e3o La D\u00e9fense, parada Argentine.<\/li>\n<li><strong>Da gare Montparnasse :<\/strong>\u00a0Metr\u00f4 linha 13 dire\u00e7\u00e3o Asni\u00e8res-Saint-Denis at\u00e9 Champs-Elys\u00e9es-Cl\u00e9menceau e linha 1 dire\u00e7\u00e3o La D\u00e9fense, parada Argentine.<\/li>\n<li><strong>Da gare de Lyon :<\/strong>\u00a0Metr\u00f4 linha 1 dire\u00e7\u00e3o La D\u00e9fense, parada Argentine.<\/li>\n<li><strong>Da gare St Lazare :<\/strong>\u00a0Metr\u00f4 linha 13 dire\u00e7\u00e3o Ch\u00e2tillon at\u00e9 Champs-Elys\u00e9es-Cl\u00e9menceau e linha 1 dire\u00e7\u00e3o La D\u00e9fense, parada Argentine.<\/li>\n<\/ul>\n\t<div class=\"img has-hover x md-x lg-x y md-y lg-y\" id=\"image_2121299757\">\n\t\t\t\t\t\t\t\t<div class=\"img-inner image-cover box-shadow-3 dark\" style=\"padding-top:50%;\">\n\t\t\t<img decoding=\"async\" width=\"2048\" height=\"1365\" src=\"https:\/\/www.hotelferteletoile.com\/wp-content\/uploads\/2023\/05\/hotel-fertel-etoile-paris-16.jpg\" class=\"attachment-original size-original\" alt=\"H\u00f4tel Fertel Etoile Paris\" srcset=\"https:\/\/www.hotelferteletoile.com\/wp-content\/uploads\/2023\/05\/hotel-fertel-etoile-paris-16.jpg 2048w, https:\/\/www.hotelferteletoile.com\/wp-content\/uploads\/2023\/05\/hotel-fertel-etoile-paris-16-300x200.jpg 300w, https:\/\/www.hotelferteletoile.com\/wp-content\/uploads\/2023\/05\/hotel-fertel-etoile-paris-16-1024x683.jpg 1024w, https:\/\/www.hotelferteletoile.com\/wp-content\/uploads\/2023\/05\/hotel-fertel-etoile-paris-16-768x512.jpg 768w, https:\/\/www.hotelferteletoile.com\/wp-content\/uploads\/2023\/05\/hotel-fertel-etoile-paris-16-1536x1024.jpg 1536w\" sizes=\"(max-width: 2048px) 100vw, 2048px\" \/>\t\t\t\t\t\t\n\t\t\t\t\t<\/div>\n\t\t\t\t\t\t\t\t\n<style>\n#image_2121299757 {\n  width: 100%;\n}\n<\/style>\n\t<\/div>\n\t\n\n<h2 style=\"text-align: center;\">NOSSO BAIRRO<\/h2>\n<p>Para almo\u00e7ar ou jantar, nosso bairro bem animado est\u00e1 cheio de bons endere\u00e7os: restaurantes gourmets, bares de vinhos e bistr\u00f4s t\u00edpicos com pre\u00e7os abord\u00e1veis.<\/p>\n<h3>A P\u00c9<\/h3>\n<ul>\n<li><strong>Arco do Triunfo :\u00a0<\/strong>4 mn<\/li>\n<li><strong>Champs Elys\u00e9es, Palais des Congr\u00e8s :\u00a0<\/strong>5 mn<\/li>\n<li><strong>March\u00e9 Poncelet, Avenue des Ternes :\u00a0<\/strong>8 mn<\/li>\n<li><strong>Bois de Boulogne :\u00a0<\/strong>10 mn<\/li>\n<li><strong>Torre Eiffel :\u00a0<\/strong>20 mn<\/li>\n<\/ul>\n<p>\u00a0<\/p>\n<h3>DE METR\u00d4\/RER\/\u00d4NIBUS<\/h3>\n<ul>\n<li><strong>La D\u00e9fense, Concorde :\u00a0<\/strong>5 mn<\/li>\n<li><strong>O Louvre, a Madeleine, o Mus\u00e9e d&#8217;Orsay, a Avenue Montaigne e suas boutiques de luxo :\u00a0<\/strong>10 mn<\/li>\n<li><strong>Os Grands Boulevards e suas lojas de departamentos (Galeries Lafayette, Printemps), Notre-Dame de Paris :\u00a0<\/strong>15 mn<\/li>\n<li><strong>Montmartre e o Sacr\u00e9-Coeur :\u00a0<\/strong>20 mn<\/li>\n<\/ul>\n\n\t\t<\/div>\n\t\t\t\t\t<\/div>\n\n\t\n\n<\/div>\n\n","protected":false},"excerpt":{"rendered":"","protected":false},"author":1,"featured_media":0,"parent":0,"menu_order":0,"comment_status":"closed","ping_status":"closed","template":"page-blank.php","meta":{"footnotes":""},"class_list":["post-431","page","type-page","status-publish","hentry"],"yoast_head":"<!-- This site is optimized with the Yoast SEO plugin v27.3 - https:\/\/yoast.com\/product\/yoast-seo-wordpress\/ -->\n<title>Localiza\u00e7\u00e3o do Hotel Fertel Etoile Paris - Perto do Arco do Triunfo<\/title>\n<meta name=\"description\" content=\"O hotel Fertel Etoile Paris est\u00e1 localizado a poucos minutos da Champs Elys\u00e9es e do Arco do Triunfo, um hotel lindo, charmoso e requintado!\" \/>\n<meta name=\"robots\" content=\"index, follow, max-snippet:-1, max-image-preview:large, max-video-preview:-1\" \/>\n<link rel=\"canonical\" href=\"https:\/\/www.hotelferteletoile.com\/pt-br\/localizacao-hotel-fertel-etoile-paris\/\" \/>\n<meta property=\"og:locale\" content=\"pt_BR\" \/>\n<meta property=\"og:type\" content=\"article\" \/>\n<meta property=\"og:title\" content=\"Localiza\u00e7\u00e3o do Hotel Fertel Etoile Paris - Perto do Arco do Triunfo\" \/>\n<meta property=\"og:description\" content=\"O hotel Fertel Etoile Paris est\u00e1 localizado a poucos minutos da Champs Elys\u00e9es e do Arco do Triunfo, um hotel lindo, charmoso e requintado!\" \/>\n<meta property=\"og:url\" content=\"https:\/\/www.hotelferteletoile.com\/pt-br\/localizacao-hotel-fertel-etoile-paris\/\" \/>\n<meta property=\"og:site_name\" content=\"H\u00f4tel Fertel Etoile Paris\" \/>\n<meta property=\"article:modified_time\" content=\"2026-04-03T21:19:02+00:00\" \/>\n<meta name=\"twitter:card\" content=\"summary_large_image\" \/>\n<meta name=\"twitter:label1\" content=\"Est. tempo de leitura\" \/>\n\t<meta name=\"twitter:data1\" content=\"2 minutos\" \/>\n<script type=\"application\/ld+json\" class=\"yoast-schema-graph\">{\"@context\":\"https:\\\/\\\/schema.org\",\"@graph\":[{\"@type\":\"WebPage\",\"@id\":\"https:\\\/\\\/www.hotelferteletoile.com\\\/pt-br\\\/localizacao-hotel-fertel-etoile-paris\\\/\",\"url\":\"https:\\\/\\\/www.hotelferteletoile.com\\\/pt-br\\\/localizacao-hotel-fertel-etoile-paris\\\/\",\"name\":\"Localiza\u00e7\u00e3o do Hotel Fertel Etoile Paris - Perto do Arco do Triunfo\",\"isPartOf\":{\"@id\":\"https:\\\/\\\/www.hotelferteletoile.com\\\/#website\"},\"datePublished\":\"2023-05-28T14:49:59+00:00\",\"dateModified\":\"2026-04-03T21:19:02+00:00\",\"description\":\"O hotel Fertel Etoile Paris est\u00e1 localizado a poucos minutos da Champs Elys\u00e9es e do Arco do Triunfo, um hotel lindo, charmoso e requintado!\",\"breadcrumb\":{\"@id\":\"https:\\\/\\\/www.hotelferteletoile.com\\\/pt-br\\\/localizacao-hotel-fertel-etoile-paris\\\/#breadcrumb\"},\"inLanguage\":\"pt-BR\",\"potentialAction\":[{\"@type\":\"ReadAction\",\"target\":[\"https:\\\/\\\/www.hotelferteletoile.com\\\/pt-br\\\/localizacao-hotel-fertel-etoile-paris\\\/\"]}]},{\"@type\":\"BreadcrumbList\",\"@id\":\"https:\\\/\\\/www.hotelferteletoile.com\\\/pt-br\\\/localizacao-hotel-fertel-etoile-paris\\\/#breadcrumb\",\"itemListElement\":[{\"@type\":\"ListItem\",\"position\":1,\"name\":\"Accueil\",\"item\":\"https:\\\/\\\/www.hotelferteletoile.com\\\/pt-br\\\/\"},{\"@type\":\"ListItem\",\"position\":2,\"name\":\"Situation\"}]},{\"@type\":\"WebSite\",\"@id\":\"https:\\\/\\\/www.hotelferteletoile.com\\\/#website\",\"url\":\"https:\\\/\\\/www.hotelferteletoile.com\\\/\",\"name\":\"H\u00f4tel Fertel Etoile Paris\",\"description\":\"\",\"potentialAction\":[{\"@type\":\"SearchAction\",\"target\":{\"@type\":\"EntryPoint\",\"urlTemplate\":\"https:\\\/\\\/www.hotelferteletoile.com\\\/?s={search_term_string}\"},\"query-input\":{\"@type\":\"PropertyValueSpecification\",\"valueRequired\":true,\"valueName\":\"search_term_string\"}}],\"inLanguage\":\"pt-BR\"}]}<\/script>\n<!-- \/ Yoast SEO plugin. -->","yoast_head_json":{"title":"Localiza\u00e7\u00e3o do Hotel Fertel Etoile Paris - Perto do Arco do Triunfo","description":"O hotel Fertel Etoile Paris est\u00e1 localizado a poucos minutos da Champs Elys\u00e9es e do Arco do Triunfo, um hotel lindo, charmoso e requintado!","robots":{"index":"index","follow":"follow","max-snippet":"max-snippet:-1","max-image-preview":"max-image-preview:large","max-video-preview":"max-video-preview:-1"},"canonical":"https:\/\/www.hotelferteletoile.com\/pt-br\/localizacao-hotel-fertel-etoile-paris\/","og_locale":"pt_BR","og_type":"article","og_title":"Localiza\u00e7\u00e3o do Hotel Fertel Etoile Paris - Perto do Arco do Triunfo","og_description":"O hotel Fertel Etoile Paris est\u00e1 localizado a poucos minutos da Champs Elys\u00e9es e do Arco do Triunfo, um hotel lindo, charmoso e requintado!","og_url":"https:\/\/www.hotelferteletoile.com\/pt-br\/localizacao-hotel-fertel-etoile-paris\/","og_site_name":"H\u00f4tel Fertel Etoile Paris","article_modified_time":"2026-04-03T21:19:02+00:00","twitter_card":"summary_large_image","twitter_misc":{"Est. tempo de leitura":"2 minutos"},"schema":{"@context":"https:\/\/schema.org","@graph":[{"@type":"WebPage","@id":"https:\/\/www.hotelferteletoile.com\/pt-br\/localizacao-hotel-fertel-etoile-paris\/","url":"https:\/\/www.hotelferteletoile.com\/pt-br\/localizacao-hotel-fertel-etoile-paris\/","name":"Localiza\u00e7\u00e3o do Hotel Fertel Etoile Paris - Perto do Arco do Triunfo","isPartOf":{"@id":"https:\/\/www.hotelferteletoile.com\/#website"},"datePublished":"2023-05-28T14:49:59+00:00","dateModified":"2026-04-03T21:19:02+00:00","description":"O hotel Fertel Etoile Paris est\u00e1 localizado a poucos minutos da Champs Elys\u00e9es e do Arco do Triunfo, um hotel lindo, charmoso e requintado!","breadcrumb":{"@id":"https:\/\/www.hotelferteletoile.com\/pt-br\/localizacao-hotel-fertel-etoile-paris\/#breadcrumb"},"inLanguage":"pt-BR","potentialAction":[{"@type":"ReadAction","target":["https:\/\/www.hotelferteletoile.com\/pt-br\/localizacao-hotel-fertel-etoile-paris\/"]}]},{"@type":"BreadcrumbList","@id":"https:\/\/www.hotelferteletoile.com\/pt-br\/localizacao-hotel-fertel-etoile-paris\/#breadcrumb","itemListElement":[{"@type":"ListItem","position":1,"name":"Accueil","item":"https:\/\/www.hotelferteletoile.com\/pt-br\/"},{"@type":"ListItem","position":2,"name":"Situation"}]},{"@type":"WebSite","@id":"https:\/\/www.hotelferteletoile.com\/#website","url":"https:\/\/www.hotelferteletoile.com\/","name":"H\u00f4tel Fertel Etoile Paris","description":"","potentialAction":[{"@type":"SearchAction","target":{"@type":"EntryPoint","urlTemplate":"https:\/\/www.hotelferteletoile.com\/?s={search_term_string}"},"query-input":{"@type":"PropertyValueSpecification","valueRequired":true,"valueName":"search_term_string"}}],"inLanguage":"pt-BR"}]}},"_links":{"self":[{"href":"https:\/\/www.hotelferteletoile.com\/pt-br\/wp-json\/wp\/v2\/pages\/431","targetHints":{"allow":["GET"]}}],"collection":[{"href":"https:\/\/www.hotelferteletoile.com\/pt-br\/wp-json\/wp\/v2\/pages"}],"about":[{"href":"https:\/\/www.hotelferteletoile.com\/pt-br\/wp-json\/wp\/v2\/types\/page"}],"author":[{"embeddable":true,"href":"https:\/\/www.hotelferteletoile.com\/pt-br\/wp-json\/wp\/v2\/users\/1"}],"replies":[{"embeddable":true,"href":"https:\/\/www.hotelferteletoile.com\/pt-br\/wp-json\/wp\/v2\/comments?post=431"}],"version-history":[{"count":7,"href":"https:\/\/www.hotelferteletoile.com\/pt-br\/wp-json\/wp\/v2\/pages\/431\/revisions"}],"predecessor-version":[{"id":574,"href":"https:\/\/www.hotelferteletoile.com\/pt-br\/wp-json\/wp\/v2\/pages\/431\/revisions\/574"}],"wp:attachment":[{"href":"https:\/\/www.hotelferteletoile.com\/pt-br\/wp-json\/wp\/v2\/media?parent=431"}],"curies":[{"name":"wp","href":"https:\/\/api.w.org\/{rel}","templated":true}]}}